{"id":1346,"date":"2023-10-27T08:49:15","date_gmt":"2023-10-27T08:49:15","guid":{"rendered":"https:\/\/sevenarts.es\/paises\/"},"modified":"2023-12-07T17:16:42","modified_gmt":"2023-12-07T17:16:42","slug":"paises","status":"publish","type":"page","link":"https:\/\/sevenarts.es\/pt-pt\/paises\/","title":{"rendered":"PA\u00cdSES"},"content":{"rendered":"\t\t<div data-elementor-type=\"wp-page\" data-elementor-id=\"1346\" class=\"elementor elementor-1346 elementor-343\" data-elementor-post-type=\"page\">\n\t\t\t\t\t\t<section class=\"elementor-section elementor-top-section elementor-element elementor-element-513b1ca elementor-section-boxed elementor-section-height-default elementor-section-height-default\" data-id=\"513b1ca\" data-element_type=\"section\" data-settings=\"{&quot;background_background&quot;:&quot;classic&quot;}\">\n\t\t\t\t\t\t\t<div class=\"elementor-background-overlay\"><\/div>\n\t\t\t\t\t\t\t<div class=\"elementor-container elementor-column-gap-default\">\n\t\t\t\t\t<div class=\"elementor-column elementor-col-100 elementor-top-column elementor-element elementor-element-fa9342c\" data-id=\"fa9342c\" data-element_type=\"column\" data-settings=\"{&quot;background_background&quot;:&quot;classic&quot;}\">\n\t\t\t<div class=\"elementor-widget-wrap elementor-element-populated\">\n\t\t\t\t\t\t<div class=\"elementor-element elementor-element-a90deff elementor-widget elementor-widget-heading\" data-id=\"a90deff\" data-element_type=\"widget\" data-widget_type=\"heading.default\">\n\t\t\t\t<div class=\"elementor-widget-container\">\n\t\t\t<style>\/*! elementor - v3.21.0 - 24-04-2024 *\/\n.elementor-heading-title{padding:0;margin:0;line-height:1}.elementor-widget-heading .elementor-heading-title[class*=elementor-size-]>a{color:inherit;font-size:inherit;line-height:inherit}.elementor-widget-heading .elementor-heading-title.elementor-size-small{font-size:15px}.elementor-widget-heading .elementor-heading-title.elementor-size-medium{font-size:19px}.elementor-widget-heading .elementor-heading-title.elementor-size-large{font-size:29px}.elementor-widget-heading .elementor-heading-title.elementor-size-xl{font-size:39px}.elementor-widget-heading .elementor-heading-title.elementor-size-xxl{font-size:59px}<\/style><h1 class=\"elementor-heading-title elementor-size-default\">Pa\u00edses<\/h1>\t\t<\/div>\n\t\t\t\t<\/div>\n\t\t\t\t<div class=\"elementor-element elementor-element-fd74c6f elementor-widget elementor-widget-text-editor\" data-id=\"fd74c6f\" data-element_type=\"widget\" data-widget_type=\"text-editor.default\">\n\t\t\t\t<div class=\"elementor-widget-container\">\n\t\t\t<style>\/*! elementor - v3.21.0 - 24-04-2024 *\/\n.elementor-widget-text-editor.elementor-drop-cap-view-stacked .elementor-drop-cap{background-color:#69727d;color:#fff}.elementor-widget-text-editor.elementor-drop-cap-view-framed .elementor-drop-cap{color:#69727d;border:3px solid;background-color:transparent}.elementor-widget-text-editor:not(.elementor-drop-cap-view-default) .elementor-drop-cap{margin-top:8px}.elementor-widget-text-editor:not(.elementor-drop-cap-view-default) .elementor-drop-cap-letter{width:1em;height:1em}.elementor-widget-text-editor .elementor-drop-cap{float:left;text-align:center;line-height:1;font-size:50px}.elementor-widget-text-editor .elementor-drop-cap-letter{display:inline-block}<\/style>\t\t\t\t<p>A SevenArts estar\u00e1 presente nos seguintes pa\u00edses:<\/p>\n\t\t\t\t\t\t<\/div>\n\t\t\t\t<\/div>\n\t\t\t\t<div class=\"elementor-element elementor-element-3976404 elementor-widget elementor-widget-html\" data-id=\"3976404\" data-element_type=\"widget\" data-widget_type=\"html.default\">\n\t\t\t\t<div class=\"elementor-widget-container\">\n\t\t\t<script>jQuery(document).ready(function($) {\nvar delay = 100; setTimeout(function() {\n$('.elementor-tab-title').removeClass('elementor-active');\n $('.elementor-tab-content').css('display', 'none'); }, delay);\n});\n<\/script>\t\t<\/div>\n\t\t\t\t<\/div>\n\t\t<div class=\"elementor-element elementor-element-84491ed e-flex e-con-boxed e-con e-parent\" data-id=\"84491ed\" data-element_type=\"container\">\n\t\t\t\t\t<div class=\"e-con-inner\">\n\t\t<div class=\"elementor-element elementor-element-b749d95 e-flex e-con-boxed e-con e-child\" data-id=\"b749d95\" data-element_type=\"container\">\n\t\t\t\t\t<div class=\"e-con-inner\">\n\t\t\t\t<div class=\"elementor-element elementor-element-37e6631 elementor-widget elementor-widget-accordion\" data-id=\"37e6631\" data-element_type=\"widget\" data-widget_type=\"accordion.default\">\n\t\t\t\t<div class=\"elementor-widget-container\">\n\t\t\t<style>\/*! elementor - v3.21.0 - 24-04-2024 *\/\n.elementor-accordion{text-align:start}.elementor-accordion .elementor-accordion-item{border:1px solid #d5d8dc}.elementor-accordion .elementor-accordion-item+.elementor-accordion-item{border-top:none}.elementor-accordion .elementor-tab-title{margin:0;padding:15px 20px;font-weight:700;line-height:1;cursor:pointer;outline:none}.elementor-accordion .elementor-tab-title .elementor-accordion-icon{display:inline-block;width:1.5em}.elementor-accordion .elementor-tab-title .elementor-accordion-icon svg{width:1em;height:1em}.elementor-accordion .elementor-tab-title .elementor-accordion-icon.elementor-accordion-icon-right{float:right;text-align:right}.elementor-accordion .elementor-tab-title .elementor-accordion-icon.elementor-accordion-icon-left{float:left;text-align:left}.elementor-accordion .elementor-tab-title .elementor-accordion-icon .elementor-accordion-icon-closed{display:block}.elementor-accordion .elementor-tab-title .elementor-accordion-icon .elementor-accordion-icon-opened,.elementor-accordion .elementor-tab-title.elementor-active .elementor-accordion-icon-closed{display:none}.elementor-accordion .elementor-tab-title.elementor-active .elementor-accordion-icon-opened{display:block}.elementor-accordion .elementor-tab-content{display:none;padding:15px 20px;border-top:1px solid #d5d8dc}@media (max-width:767px){.elementor-accordion .elementor-tab-title{padding:12px 15px}.elementor-accordion .elementor-tab-title .elementor-accordion-icon{width:1.2em}.elementor-accordion .elementor-tab-content{padding:7px 15px}}.e-con-inner>.elementor-widget-accordion,.e-con>.elementor-widget-accordion{width:var(--container-widget-width);--flex-grow:var(--container-widget-flex-grow)}<\/style>\t\t<div class=\"elementor-accordion\">\n\t\t\t\t\t\t\t<div class=\"elementor-accordion-item\">\n\t\t\t\t\t<div id=\"elementor-tab-title-5861\" class=\"elementor-tab-title\" data-tab=\"1\" role=\"button\" aria-controls=\"elementor-tab-content-5861\" aria-expanded=\"false\">\n\t\t\t\t\t\t\t\t\t\t\t\t\t<span class=\"elementor-accordion-icon elementor-accordion-icon-left\" aria-hidden=\"true\">\n\t\t\t\t\t\t\t\t\t\t\t\t\t\t\t<span class=\"elementor-accordion-icon-closed\"><i class=\"fas fa-plus\"><\/i><\/span>\n\t\t\t\t\t\t\t\t<span class=\"elementor-accordion-icon-opened\"><i class=\"fas fa-minus\"><\/i><\/span>\n\t\t\t\t\t\t\t\t\t\t\t\t\t\t<\/span>\n\t\t\t\t\t\t\t\t\t\t\t\t<a class=\"elementor-accordion-title\" tabindex=\"0\">Europa<\/a>\n\t\t\t\t\t<\/div>\n\t\t\t\t\t<div id=\"elementor-tab-content-5861\" class=\"elementor-tab-content elementor-clearfix\" data-tab=\"1\" role=\"region\" aria-labelledby=\"elementor-tab-title-5861\"><ul>\n<li>Alemanha<\/li>\n<li>Fran\u00e7a<\/li>\n<li>Reino Unido<\/li>\n<li>It\u00e1lia<\/li>\n<li>Espanha<\/li>\n<li>Pol\u00f3nia<\/li>\n<li>Ucr\u00e2nia<\/li>\n<li>Su\u00e9cia<\/li>\n<li>Pa\u00edses Baixos<\/li>\n<li>B\u00e9lgica<\/li>\n<\/ul>\n<\/div>\n\t\t\t\t<\/div>\n\t\t\t\t\t\t\t\t<\/div>\n\t\t\t\t<\/div>\n\t\t\t\t<\/div>\n\t\t\t\t<div class=\"elementor-element elementor-element-9ba9fdb elementor-widget elementor-widget-accordion\" data-id=\"9ba9fdb\" data-element_type=\"widget\" data-widget_type=\"accordion.default\">\n\t\t\t\t<div class=\"elementor-widget-container\">\n\t\t\t\t\t<div class=\"elementor-accordion\">\n\t\t\t\t\t\t\t<div class=\"elementor-accordion-item\">\n\t\t\t\t\t<div id=\"elementor-tab-title-1631\" class=\"elementor-tab-title\" data-tab=\"1\" role=\"button\" aria-controls=\"elementor-tab-content-1631\" aria-expanded=\"false\">\n\t\t\t\t\t\t\t\t\t\t\t\t\t<span class=\"elementor-accordion-icon elementor-accordion-icon-left\" aria-hidden=\"true\">\n\t\t\t\t\t\t\t\t\t\t\t\t\t\t\t<span class=\"elementor-accordion-icon-closed\"><i class=\"fas fa-plus\"><\/i><\/span>\n\t\t\t\t\t\t\t\t<span class=\"elementor-accordion-icon-opened\"><i class=\"fas fa-minus\"><\/i><\/span>\n\t\t\t\t\t\t\t\t\t\t\t\t\t\t<\/span>\n\t\t\t\t\t\t\t\t\t\t\t\t<a class=\"elementor-accordion-title\" tabindex=\"0\">\u00c1frica<\/a>\n\t\t\t\t\t<\/div>\n\t\t\t\t\t<div id=\"elementor-tab-content-1631\" class=\"elementor-tab-content elementor-clearfix\" data-tab=\"1\" role=\"region\" aria-labelledby=\"elementor-tab-title-1631\"><ul>\n<li>Arg\u00e9lia<\/li>\n<li>Angola<\/li>\n<li>Nig\u00e9ria<\/li>\n<li>Egipto<\/li>\n<li>\u00c1frica do Sul<\/li>\n<li>Qu\u00e9nia<\/li>\n<li>Marrocos<\/li>\n<li>Eti\u00f3pia<\/li>\n<li>Tanz\u00e2nia<\/li>\n<li>Sud\u00e3o<\/li>\n<li> <\/li>\n<\/ul>\n<\/div>\n\t\t\t\t<\/div>\n\t\t\t\t\t\t\t\t<\/div>\n\t\t\t\t<\/div>\n\t\t\t\t<\/div>\n\t\t\t\t<div class=\"elementor-element elementor-element-40e559b elementor-widget elementor-widget-accordion\" data-id=\"40e559b\" data-element_type=\"widget\" data-widget_type=\"accordion.default\">\n\t\t\t\t<div class=\"elementor-widget-container\">\n\t\t\t\t\t<div class=\"elementor-accordion\">\n\t\t\t\t\t\t\t<div class=\"elementor-accordion-item\">\n\t\t\t\t\t<div id=\"elementor-tab-title-6801\" class=\"elementor-tab-title\" data-tab=\"1\" role=\"button\" aria-controls=\"elementor-tab-content-6801\" aria-expanded=\"false\">\n\t\t\t\t\t\t\t\t\t\t\t\t\t<span class=\"elementor-accordion-icon elementor-accordion-icon-left\" aria-hidden=\"true\">\n\t\t\t\t\t\t\t\t\t\t\t\t\t\t\t<span class=\"elementor-accordion-icon-closed\"><i class=\"fas fa-plus\"><\/i><\/span>\n\t\t\t\t\t\t\t\t<span class=\"elementor-accordion-icon-opened\"><i class=\"fas fa-minus\"><\/i><\/span>\n\t\t\t\t\t\t\t\t\t\t\t\t\t\t<\/span>\n\t\t\t\t\t\t\t\t\t\t\t\t<a class=\"elementor-accordion-title\" tabindex=\"0\">\u00c1sia<\/a>\n\t\t\t\t\t<\/div>\n\t\t\t\t\t<div id=\"elementor-tab-content-6801\" class=\"elementor-tab-content elementor-clearfix\" data-tab=\"1\" role=\"region\" aria-labelledby=\"elementor-tab-title-6801\"><ul>\n<li>China<\/li>\n<li>\u00cdndia<\/li>\n<li>Jap\u00e3o<\/li>\n<li>Indon\u00e9sia<\/li>\n<li>Paquist\u00e3o<\/li>\n<li>Bangladesh<\/li>\n<li>R\u00fassia<\/li>\n<li>Turquia<\/li>\n<li>Ir\u00e3o<\/li>\n<li>Ar\u00e1bia Saudita<\/li>\n<li> <\/li>\n<\/ul>\n<\/div>\n\t\t\t\t<\/div>\n\t\t\t\t\t\t\t\t<\/div>\n\t\t\t\t<\/div>\n\t\t\t\t<\/div>\n\t\t\t\t\t<\/div>\n\t\t\t\t<\/div>\n\t\t<div class=\"elementor-element elementor-element-6b36aa5 e-flex e-con-boxed e-con e-child\" data-id=\"6b36aa5\" data-element_type=\"container\">\n\t\t\t\t\t<div class=\"e-con-inner\">\n\t\t\t\t<div class=\"elementor-element elementor-element-a67000f elementor-widget elementor-widget-accordion\" data-id=\"a67000f\" data-element_type=\"widget\" data-widget_type=\"accordion.default\">\n\t\t\t\t<div class=\"elementor-widget-container\">\n\t\t\t\t\t<div class=\"elementor-accordion\">\n\t\t\t\t\t\t\t<div class=\"elementor-accordion-item\">\n\t\t\t\t\t<div id=\"elementor-tab-title-1741\" class=\"elementor-tab-title\" data-tab=\"1\" role=\"button\" aria-controls=\"elementor-tab-content-1741\" aria-expanded=\"false\">\n\t\t\t\t\t\t\t\t\t\t\t\t\t<span class=\"elementor-accordion-icon elementor-accordion-icon-left\" aria-hidden=\"true\">\n\t\t\t\t\t\t\t\t\t\t\t\t\t\t\t<span class=\"elementor-accordion-icon-closed\"><i class=\"fas fa-plus\"><\/i><\/span>\n\t\t\t\t\t\t\t\t<span class=\"elementor-accordion-icon-opened\"><i class=\"fas fa-minus\"><\/i><\/span>\n\t\t\t\t\t\t\t\t\t\t\t\t\t\t<\/span>\n\t\t\t\t\t\t\t\t\t\t\t\t<a class=\"elementor-accordion-title\" tabindex=\"0\">Am\u00e9rica do Norte<\/a>\n\t\t\t\t\t<\/div>\n\t\t\t\t\t<div id=\"elementor-tab-content-1741\" class=\"elementor-tab-content elementor-clearfix\" data-tab=\"1\" role=\"region\" aria-labelledby=\"elementor-tab-title-1741\"><ul>\n<li>Estados Unidos<\/li>\n<li>Canad\u00e1<\/li>\n<li>M\u00e9xico<\/li>\n<li>Cuba<\/li>\n<li>Guatemala<\/li>\n<li>Honduras<\/li>\n<li>Costa Rica<\/li>\n<li>El Salvador<\/li>\n<li>Belize<\/li>\n<li>Panam\u00e1<\/li>\n<li> <\/li>\n<\/ul>\n<\/div>\n\t\t\t\t<\/div>\n\t\t\t\t\t\t\t\t<\/div>\n\t\t\t\t<\/div>\n\t\t\t\t<\/div>\n\t\t\t\t<div class=\"elementor-element elementor-element-30c1ae0 elementor-widget elementor-widget-accordion\" data-id=\"30c1ae0\" data-element_type=\"widget\" data-widget_type=\"accordion.default\">\n\t\t\t\t<div class=\"elementor-widget-container\">\n\t\t\t\t\t<div class=\"elementor-accordion\">\n\t\t\t\t\t\t\t<div class=\"elementor-accordion-item\">\n\t\t\t\t\t<div id=\"elementor-tab-title-5111\" class=\"elementor-tab-title\" data-tab=\"1\" role=\"button\" aria-controls=\"elementor-tab-content-5111\" aria-expanded=\"false\">\n\t\t\t\t\t\t\t\t\t\t\t\t\t<span class=\"elementor-accordion-icon elementor-accordion-icon-left\" aria-hidden=\"true\">\n\t\t\t\t\t\t\t\t\t\t\t\t\t\t\t<span class=\"elementor-accordion-icon-closed\"><i class=\"fas fa-plus\"><\/i><\/span>\n\t\t\t\t\t\t\t\t<span class=\"elementor-accordion-icon-opened\"><i class=\"fas fa-minus\"><\/i><\/span>\n\t\t\t\t\t\t\t\t\t\t\t\t\t\t<\/span>\n\t\t\t\t\t\t\t\t\t\t\t\t<a class=\"elementor-accordion-title\" tabindex=\"0\">Am\u00e9rica do Sul<\/a>\n\t\t\t\t\t<\/div>\n\t\t\t\t\t<div id=\"elementor-tab-content-5111\" class=\"elementor-tab-content elementor-clearfix\" data-tab=\"1\" role=\"region\" aria-labelledby=\"elementor-tab-title-5111\"><ul>\n<li>Brasil<\/li>\n<li>Argentina<\/li>\n<li>Col\u00f4mbia<\/li>\n<li>Peru<\/li>\n<li>Venezuela<\/li>\n<li>Chile<\/li>\n<li>Equador<\/li>\n<li>Bol\u00edvia<\/li>\n<li>Paraguai<\/li>\n<li>Uruguai<\/li>\n<li> <\/li>\n<\/ul>\n<\/div>\n\t\t\t\t<\/div>\n\t\t\t\t\t\t\t\t<\/div>\n\t\t\t\t<\/div>\n\t\t\t\t<\/div>\n\t\t\t\t<div class=\"elementor-element elementor-element-b714faa elementor-widget elementor-widget-accordion\" data-id=\"b714faa\" data-element_type=\"widget\" data-widget_type=\"accordion.default\">\n\t\t\t\t<div class=\"elementor-widget-container\">\n\t\t\t\t\t<div class=\"elementor-accordion\">\n\t\t\t\t\t\t\t<div class=\"elementor-accordion-item\">\n\t\t\t\t\t<div id=\"elementor-tab-title-1911\" class=\"elementor-tab-title\" data-tab=\"1\" role=\"button\" aria-controls=\"elementor-tab-content-1911\" aria-expanded=\"false\">\n\t\t\t\t\t\t\t\t\t\t\t\t\t<span class=\"elementor-accordion-icon elementor-accordion-icon-left\" aria-hidden=\"true\">\n\t\t\t\t\t\t\t\t\t\t\t\t\t\t\t<span class=\"elementor-accordion-icon-closed\"><i class=\"fas fa-plus\"><\/i><\/span>\n\t\t\t\t\t\t\t\t<span class=\"elementor-accordion-icon-opened\"><i class=\"fas fa-minus\"><\/i><\/span>\n\t\t\t\t\t\t\t\t\t\t\t\t\t\t<\/span>\n\t\t\t\t\t\t\t\t\t\t\t\t<a class=\"elementor-accordion-title\" tabindex=\"0\">Oce\u00e2nia<\/a>\n\t\t\t\t\t<\/div>\n\t\t\t\t\t<div id=\"elementor-tab-content-1911\" class=\"elementor-tab-content elementor-clearfix\" data-tab=\"1\" role=\"region\" aria-labelledby=\"elementor-tab-title-1911\"><ul>\n<li>Austr\u00e1lia<\/li>\n<li>Nova Zel\u00e2ndia<\/li>\n<li>Papua Nova Guin\u00e9<\/li>\n<li>Fiji<\/li>\n<li>Ilhas Salom\u00e3o<\/li>\n<li>Vanuatu<\/li>\n<li>Samoa<\/li>\n<li>Tonga<\/li>\n<\/ul>\n<\/div>\n\t\t\t\t<\/div>\n\t\t\t\t\t\t\t\t<\/div>\n\t\t\t\t<\/div>\n\t\t\t\t<\/div>\n\t\t\t\t\t<\/div>\n\t\t\t\t<\/div>\n\t\t\t\t\t<\/div>\n\t\t\t\t<\/div>\n\t\t<div class=\"elementor-element elementor-element-d11ba8e e-con-full e-flex e-con e-parent\" data-id=\"d11ba8e\" data-element_type=\"container\" data-settings=\"{&quot;background_background&quot;:&quot;classic&quot;}\">\n\t\t\t\t<div class=\"elementor-element elementor-element-6450c1a elementor-widget elementor-widget-image\" data-id=\"6450c1a\" data-element_type=\"widget\" data-widget_type=\"image.default\">\n\t\t\t\t<div class=\"elementor-widget-container\">\n\t\t\t<style>\/*! elementor - v3.21.0 - 24-04-2024 *\/\n.elementor-widget-image{text-align:center}.elementor-widget-image a{display:inline-block}.elementor-widget-image a img[src$=\".svg\"]{width:48px}.elementor-widget-image img{vertical-align:middle;display:inline-block}<\/style>\t\t\t\t\t\t\t\t\t\t<img fetchpriority=\"high\" decoding=\"async\" width=\"1073\" height=\"624\" src=\"https:\/\/sevenarts.es\/wp-content\/uploads\/2023\/10\/mapa-e1698396808750.png\" class=\"attachment-full size-full wp-image-348\" alt=\"\" srcset=\"https:\/\/sevenarts.es\/wp-content\/uploads\/2023\/10\/mapa-e1698396808750.png 1073w, https:\/\/sevenarts.es\/wp-content\/uploads\/2023\/10\/mapa-e1698396808750-300x174.png 300w, https:\/\/sevenarts.es\/wp-content\/uploads\/2023\/10\/mapa-e1698396808750-1024x596.png 1024w, https:\/\/sevenarts.es\/wp-content\/uploads\/2023\/10\/mapa-e1698396808750-768x447.png 768w\" sizes=\"(max-width: 1073px) 100vw, 1073px\" \/>\t\t\t\t\t\t\t\t\t\t\t\t\t<\/div>\n\t\t\t\t<\/div>\n\t\t\t\t<\/div>\n\t\t\t\t\t<\/div>\n\t\t<\/div>\n\t\t\t\t\t<\/div>\n\t\t<\/section>\n\t\t\t\t<\/div>\n\t\t","protected":false},"excerpt":{"rendered":"<p>Pa\u00edses A SevenArts estar\u00e1 presente nos seguintes pa\u00edses: Europa Alemanha Fran\u00e7a Reino Unido It\u00e1lia Espanha Pol\u00f3nia Ucr\u00e2nia Su\u00e9cia Pa\u00edses Baixos B\u00e9lgica \u00c1frica Arg\u00e9lia Angola Nig\u00e9ria Egipto \u00c1frica do Sul Qu\u00e9nia Marrocos Eti\u00f3pia Tanz\u00e2nia Sud\u00e3o \u00c1sia China \u00cdndia Jap\u00e3o Indon\u00e9sia Paquist\u00e3o Bangladesh R\u00fassia Turquia Ir\u00e3o Ar\u00e1bia Saudita Am\u00e9rica do Norte Estados Unidos Canad\u00e1 M\u00e9xico Cuba Guatemala [&hellip;]<\/p>\n","protected":false},"author":1,"featured_media":0,"parent":0,"menu_order":0,"comment_status":"closed","ping_status":"closed","template":"","meta":{"footnotes":""},"yoast_head":"<!-- This site is optimized with the Yoast SEO plugin v22.5 - https:\/\/yoast.com\/wordpress\/plugins\/seo\/ -->\n<title>PA\u00cdSES | Seven Arts<\/title>\n<meta name=\"robots\" content=\"index, follow, max-snippet:-1, max-image-preview:large, max-video-preview:-1\" \/>\n<link rel=\"canonical\" href=\"https:\/\/sevenarts.es\/paises\/\" \/>\n<meta property=\"og:locale\" content=\"pt_PT\" \/>\n<meta property=\"og:type\" content=\"article\" \/>\n<meta property=\"og:title\" content=\"PA\u00cdSES | Seven Arts\" \/>\n<meta property=\"og:description\" content=\"Pa\u00edses A SevenArts estar\u00e1 presente nos seguintes pa\u00edses: Europa Alemanha Fran\u00e7a Reino Unido It\u00e1lia Espanha Pol\u00f3nia Ucr\u00e2nia Su\u00e9cia Pa\u00edses Baixos B\u00e9lgica \u00c1frica Arg\u00e9lia Angola Nig\u00e9ria Egipto \u00c1frica do Sul Qu\u00e9nia Marrocos Eti\u00f3pia Tanz\u00e2nia Sud\u00e3o \u00c1sia China \u00cdndia Jap\u00e3o Indon\u00e9sia Paquist\u00e3o Bangladesh R\u00fassia Turquia Ir\u00e3o Ar\u00e1bia Saudita Am\u00e9rica do Norte Estados Unidos Canad\u00e1 M\u00e9xico Cuba Guatemala [&hellip;]\" \/>\n<meta property=\"og:url\" content=\"https:\/\/sevenarts.es\/paises\/\" \/>\n<meta property=\"og:site_name\" content=\"Seven Arts\" \/>\n<meta property=\"article:modified_time\" content=\"2023-12-07T17:16:42+00:00\" \/>\n<meta property=\"og:image\" content=\"https:\/\/sevenarts.es\/wp-content\/uploads\/2023\/10\/mapa-e1698396808750.png\" \/>\n<meta name=\"twitter:card\" content=\"summary_large_image\" \/>\n<meta name=\"twitter:label1\" content=\"Tempo estimado de leitura\" \/>\n\t<meta name=\"twitter:data1\" content=\"1 minuto\" \/>\n<script type=\"application\/ld+json\" class=\"yoast-schema-graph\">{\"@context\":\"https:\/\/schema.org\",\"@graph\":[{\"@type\":\"WebPage\",\"@id\":\"https:\/\/sevenarts.es\/paises\/\",\"url\":\"https:\/\/sevenarts.es\/paises\/\",\"name\":\"PA\u00cdSES | Seven Arts\",\"isPartOf\":{\"@id\":\"https:\/\/sevenarts.es\/#website\"},\"primaryImageOfPage\":{\"@id\":\"https:\/\/sevenarts.es\/paises\/#primaryimage\"},\"image\":{\"@id\":\"https:\/\/sevenarts.es\/paises\/#primaryimage\"},\"thumbnailUrl\":\"https:\/\/sevenarts.es\/wp-content\/uploads\/2023\/10\/mapa-e1698396808750.png\",\"datePublished\":\"2023-10-27T08:49:15+00:00\",\"dateModified\":\"2023-12-07T17:16:42+00:00\",\"breadcrumb\":{\"@id\":\"https:\/\/sevenarts.es\/paises\/#breadcrumb\"},\"inLanguage\":\"pt-PT\",\"potentialAction\":[{\"@type\":\"ReadAction\",\"target\":[\"https:\/\/sevenarts.es\/paises\/\"]}]},{\"@type\":\"ImageObject\",\"inLanguage\":\"pt-PT\",\"@id\":\"https:\/\/sevenarts.es\/paises\/#primaryimage\",\"url\":\"https:\/\/sevenarts.es\/wp-content\/uploads\/2023\/10\/mapa-e1698396808750.png\",\"contentUrl\":\"https:\/\/sevenarts.es\/wp-content\/uploads\/2023\/10\/mapa-e1698396808750.png\"},{\"@type\":\"BreadcrumbList\",\"@id\":\"https:\/\/sevenarts.es\/paises\/#breadcrumb\",\"itemListElement\":[{\"@type\":\"ListItem\",\"position\":1,\"name\":\"Inicio\",\"item\":\"https:\/\/sevenarts.es\/\"},{\"@type\":\"ListItem\",\"position\":2,\"name\":\"PA\u00cdSES\"}]},{\"@type\":\"WebSite\",\"@id\":\"https:\/\/sevenarts.es\/#website\",\"url\":\"https:\/\/sevenarts.es\/\",\"name\":\"Seven Arts\",\"description\":\"El espacio digital para las siete artes\",\"publisher\":{\"@id\":\"https:\/\/sevenarts.es\/#organization\"},\"potentialAction\":[{\"@type\":\"SearchAction\",\"target\":{\"@type\":\"EntryPoint\",\"urlTemplate\":\"https:\/\/sevenarts.es\/?s={search_term_string}\"},\"query-input\":\"required name=search_term_string\"}],\"inLanguage\":\"pt-PT\"},{\"@type\":\"Organization\",\"@id\":\"https:\/\/sevenarts.es\/#organization\",\"name\":\"Seven Arts\",\"url\":\"https:\/\/sevenarts.es\/\",\"logo\":{\"@type\":\"ImageObject\",\"inLanguage\":\"pt-PT\",\"@id\":\"https:\/\/sevenarts.es\/#\/schema\/logo\/image\/\",\"url\":\"http:\/\/sevenarts.es\/wp-content\/uploads\/2023\/10\/ico-copia-red.png\",\"contentUrl\":\"http:\/\/sevenarts.es\/wp-content\/uploads\/2023\/10\/ico-copia-red.png\",\"width\":150,\"height\":56,\"caption\":\"Seven Arts\"},\"image\":{\"@id\":\"https:\/\/sevenarts.es\/#\/schema\/logo\/image\/\"}}]}<\/script>\n<!-- \/ Yoast SEO plugin. -->","yoast_head_json":{"title":"PA\u00cdSES | Seven Arts","robots":{"index":"index","follow":"follow","max-snippet":"max-snippet:-1","max-image-preview":"max-image-preview:large","max-video-preview":"max-video-preview:-1"},"canonical":"https:\/\/sevenarts.es\/paises\/","og_locale":"pt_PT","og_type":"article","og_title":"PA\u00cdSES | Seven Arts","og_description":"Pa\u00edses A SevenArts estar\u00e1 presente nos seguintes pa\u00edses: Europa Alemanha Fran\u00e7a Reino Unido It\u00e1lia Espanha Pol\u00f3nia Ucr\u00e2nia Su\u00e9cia Pa\u00edses Baixos B\u00e9lgica \u00c1frica Arg\u00e9lia Angola Nig\u00e9ria Egipto \u00c1frica do Sul Qu\u00e9nia Marrocos Eti\u00f3pia Tanz\u00e2nia Sud\u00e3o \u00c1sia China \u00cdndia Jap\u00e3o Indon\u00e9sia Paquist\u00e3o Bangladesh R\u00fassia Turquia Ir\u00e3o Ar\u00e1bia Saudita Am\u00e9rica do Norte Estados Unidos Canad\u00e1 M\u00e9xico Cuba Guatemala [&hellip;]","og_url":"https:\/\/sevenarts.es\/paises\/","og_site_name":"Seven Arts","article_modified_time":"2023-12-07T17:16:42+00:00","og_image":[{"url":"https:\/\/sevenarts.es\/wp-content\/uploads\/2023\/10\/mapa-e1698396808750.png"}],"twitter_card":"summary_large_image","twitter_misc":{"Tempo estimado de leitura":"1 minuto"},"schema":{"@context":"https:\/\/schema.org","@graph":[{"@type":"WebPage","@id":"https:\/\/sevenarts.es\/paises\/","url":"https:\/\/sevenarts.es\/paises\/","name":"PA\u00cdSES | Seven Arts","isPartOf":{"@id":"https:\/\/sevenarts.es\/#website"},"primaryImageOfPage":{"@id":"https:\/\/sevenarts.es\/paises\/#primaryimage"},"image":{"@id":"https:\/\/sevenarts.es\/paises\/#primaryimage"},"thumbnailUrl":"https:\/\/sevenarts.es\/wp-content\/uploads\/2023\/10\/mapa-e1698396808750.png","datePublished":"2023-10-27T08:49:15+00:00","dateModified":"2023-12-07T17:16:42+00:00","breadcrumb":{"@id":"https:\/\/sevenarts.es\/paises\/#breadcrumb"},"inLanguage":"pt-PT","potentialAction":[{"@type":"ReadAction","target":["https:\/\/sevenarts.es\/paises\/"]}]},{"@type":"ImageObject","inLanguage":"pt-PT","@id":"https:\/\/sevenarts.es\/paises\/#primaryimage","url":"https:\/\/sevenarts.es\/wp-content\/uploads\/2023\/10\/mapa-e1698396808750.png","contentUrl":"https:\/\/sevenarts.es\/wp-content\/uploads\/2023\/10\/mapa-e1698396808750.png"},{"@type":"BreadcrumbList","@id":"https:\/\/sevenarts.es\/paises\/#breadcrumb","itemListElement":[{"@type":"ListItem","position":1,"name":"Inicio","item":"https:\/\/sevenarts.es\/"},{"@type":"ListItem","position":2,"name":"PA\u00cdSES"}]},{"@type":"WebSite","@id":"https:\/\/sevenarts.es\/#website","url":"https:\/\/sevenarts.es\/","name":"Seven Arts","description":"El espacio digital para las siete artes","publisher":{"@id":"https:\/\/sevenarts.es\/#organization"},"potentialAction":[{"@type":"SearchAction","target":{"@type":"EntryPoint","urlTemplate":"https:\/\/sevenarts.es\/?s={search_term_string}"},"query-input":"required name=search_term_string"}],"inLanguage":"pt-PT"},{"@type":"Organization","@id":"https:\/\/sevenarts.es\/#organization","name":"Seven Arts","url":"https:\/\/sevenarts.es\/","logo":{"@type":"ImageObject","inLanguage":"pt-PT","@id":"https:\/\/sevenarts.es\/#\/schema\/logo\/image\/","url":"http:\/\/sevenarts.es\/wp-content\/uploads\/2023\/10\/ico-copia-red.png","contentUrl":"http:\/\/sevenarts.es\/wp-content\/uploads\/2023\/10\/ico-copia-red.png","width":150,"height":56,"caption":"Seven Arts"},"image":{"@id":"https:\/\/sevenarts.es\/#\/schema\/logo\/image\/"}}]}},"_links":{"self":[{"href":"https:\/\/sevenarts.es\/pt-pt\/wp-json\/wp\/v2\/pages\/1346"}],"collection":[{"href":"https:\/\/sevenarts.es\/pt-pt\/wp-json\/wp\/v2\/pages"}],"about":[{"href":"https:\/\/sevenarts.es\/pt-pt\/wp-json\/wp\/v2\/types\/page"}],"author":[{"embeddable":true,"href":"https:\/\/sevenarts.es\/pt-pt\/wp-json\/wp\/v2\/users\/1"}],"replies":[{"embeddable":true,"href":"https:\/\/sevenarts.es\/pt-pt\/wp-json\/wp\/v2\/comments?post=1346"}],"version-history":[{"count":4,"href":"https:\/\/sevenarts.es\/pt-pt\/wp-json\/wp\/v2\/pages\/1346\/revisions"}],"predecessor-version":[{"id":1367,"href":"https:\/\/sevenarts.es\/pt-pt\/wp-json\/wp\/v2\/pages\/1346\/revisions\/1367"}],"wp:attachment":[{"href":"https:\/\/sevenarts.es\/pt-pt\/wp-json\/wp\/v2\/media?parent=1346"}],"curies":[{"name":"wp","href":"https:\/\/api.w.org\/{rel}","templated":true}]}}