{"id":1324,"date":"2023-11-08T10:30:19","date_gmt":"2023-11-08T10:30:19","guid":{"rendered":"https:\/\/sevenarts.es\/blogue\/"},"modified":"2025-02-04T15:53:16","modified_gmt":"2025-02-04T15:53:16","slug":"blogue","status":"publish","type":"page","link":"https:\/\/sevenarts.es\/pt-pt\/blogue\/","title":{"rendered":"Blogue"},"content":{"rendered":"\t\t<div data-elementor-type=\"wp-page\" data-elementor-id=\"1324\" class=\"elementor elementor-1324 elementor-575\" data-elementor-post-type=\"page\">\n\t\t\t\t<div class=\"elementor-element elementor-element-1184b0b e-flex e-con-boxed e-con e-parent\" data-id=\"1184b0b\" data-element_type=\"container\">\n\t\t\t\t\t<div class=\"e-con-inner\">\n\t\t\t\t<div class=\"elementor-element elementor-element-c5430e7 elementor-widget elementor-widget-heading\" data-id=\"c5430e7\" data-element_type=\"widget\" data-widget_type=\"heading.default\">\n\t\t\t\t<div class=\"elementor-widget-container\">\n\t\t\t<style>\/*! elementor - v3.21.0 - 24-04-2024 *\/\n.elementor-heading-title{padding:0;margin:0;line-height:1}.elementor-widget-heading .elementor-heading-title[class*=elementor-size-]>a{color:inherit;font-size:inherit;line-height:inherit}.elementor-widget-heading .elementor-heading-title.elementor-size-small{font-size:15px}.elementor-widget-heading .elementor-heading-title.elementor-size-medium{font-size:19px}.elementor-widget-heading .elementor-heading-title.elementor-size-large{font-size:29px}.elementor-widget-heading .elementor-heading-title.elementor-size-xl{font-size:39px}.elementor-widget-heading .elementor-heading-title.elementor-size-xxl{font-size:59px}<\/style><h1 class=\"elementor-heading-title elementor-size-default\">BLOG<\/h1>\t\t<\/div>\n\t\t\t\t<\/div>\n\t\t\t\t<div class=\"elementor-element elementor-element-1259308 elementor-grid-3 elementor-grid-tablet-2 elementor-grid-mobile-1 elementor-posts--thumbnail-top elementor-widget elementor-widget-posts\" data-id=\"1259308\" data-element_type=\"widget\" data-settings=\"{&quot;classic_row_gap&quot;:{&quot;unit&quot;:&quot;px&quot;,&quot;size&quot;:33,&quot;sizes&quot;:[]},&quot;classic_columns&quot;:&quot;3&quot;,&quot;classic_columns_tablet&quot;:&quot;2&quot;,&quot;classic_columns_mobile&quot;:&quot;1&quot;,&quot;classic_row_gap_tablet&quot;:{&quot;unit&quot;:&quot;px&quot;,&quot;size&quot;:&quot;&quot;,&quot;sizes&quot;:[]},&quot;classic_row_gap_mobile&quot;:{&quot;unit&quot;:&quot;px&quot;,&quot;size&quot;:&quot;&quot;,&quot;sizes&quot;:[]}}\" data-widget_type=\"posts.classic\">\n\t\t\t\t<div class=\"elementor-widget-container\">\n\t\t\t<link rel=\"stylesheet\" href=\"https:\/\/sevenarts.es\/wp-content\/plugins\/elementor-pro\/assets\/css\/widget-posts.min.css\">\t\t<div class=\"elementor-posts-container elementor-posts elementor-posts--skin-classic elementor-grid\">\n\t\t\t\t<article class=\"elementor-post elementor-grid-item post-1319 post type-post status-publish format-standard has-post-thumbnail hentry category-sem-categoria\">\n\t\t\t\t<a class=\"elementor-post__thumbnail__link\" href=\"https:\/\/sevenarts.es\/pt-pt\/blog\/na-ilha-dos-passaros\/\" tabindex=\"-1\" >\n\t\t\t<div class=\"elementor-post__thumbnail\"><img fetchpriority=\"high\" decoding=\"async\" width=\"236\" height=\"226\" src=\"https:\/\/sevenarts.es\/wp-content\/uploads\/2023\/11\/Amparo-Costales-noruega-e1738664948736.png\" class=\"attachment-medium_large size-medium_large wp-image-1549\" alt=\"\" \/><\/div>\n\t\t<\/a>\n\t\t\t\t<div class=\"elementor-post__text\">\n\t\t\t\t<h3 class=\"elementor-post__title\">\n\t\t\t<a href=\"https:\/\/sevenarts.es\/pt-pt\/blog\/na-ilha-dos-passaros\/\" >\n\t\t\t\tNa Ilha dos P\u00e1ssaros\t\t\t<\/a>\n\t\t<\/h3>\n\t\t\t\t<div class=\"elementor-post__meta-data\">\n\t\t\t\t\t<span class=\"elementor-post-date\">\n\t\t\tNovembro 8, 2023\t\t<\/span>\n\t\t\t\t<\/div>\n\t\t\t\t<div class=\"elementor-post__excerpt\">\n\t\t\t<p>A empres\u00e1ria Amparo Costales ficou cativada pela arquitetura de Oslo e pela natureza norueguesa. At\u00e9 apanhou bacalhau 14 FEV 2014 A cultura n\u00f3rdica atraiu a<\/p>\n\t\t<\/div>\n\t\t\n\t\t<a class=\"elementor-post__read-more\" href=\"https:\/\/sevenarts.es\/pt-pt\/blog\/na-ilha-dos-passaros\/\" aria-label=\"Read more about Na Ilha dos P\u00e1ssaros\" tabindex=\"-1\" >\n\t\t\tLer mais \"\t\t<\/a>\n\n\t\t\t\t<\/div>\n\t\t\t\t<\/article>\n\t\t\t\t<article class=\"elementor-post elementor-grid-item post-1313 post type-post status-publish format-standard has-post-thumbnail hentry category-sem-categoria\">\n\t\t\t\t<a class=\"elementor-post__thumbnail__link\" href=\"https:\/\/sevenarts.es\/pt-pt\/blog\/o-turismo-de-sol-e-praia-e-algo-obsoleto\/\" tabindex=\"-1\" >\n\t\t\t<div class=\"elementor-post__thumbnail\"><img decoding=\"async\" width=\"768\" height=\"497\" src=\"https:\/\/sevenarts.es\/wp-content\/uploads\/2023\/11\/Captura-de-pantalla-2023-11-08-123810-768x497.png\" class=\"attachment-medium_large size-medium_large wp-image-1172\" alt=\"\" srcset=\"https:\/\/sevenarts.es\/wp-content\/uploads\/2023\/11\/Captura-de-pantalla-2023-11-08-123810-768x497.png 768w, https:\/\/sevenarts.es\/wp-content\/uploads\/2023\/11\/Captura-de-pantalla-2023-11-08-123810-300x194.png 300w, https:\/\/sevenarts.es\/wp-content\/uploads\/2023\/11\/Captura-de-pantalla-2023-11-08-123810-1024x662.png 1024w, https:\/\/sevenarts.es\/wp-content\/uploads\/2023\/11\/Captura-de-pantalla-2023-11-08-123810.png 1112w\" sizes=\"(max-width: 768px) 100vw, 768px\" \/><\/div>\n\t\t<\/a>\n\t\t\t\t<div class=\"elementor-post__text\">\n\t\t\t\t<h3 class=\"elementor-post__title\">\n\t\t\t<a href=\"https:\/\/sevenarts.es\/pt-pt\/blog\/o-turismo-de-sol-e-praia-e-algo-obsoleto\/\" >\n\t\t\t\t&#8220;O turismo de sol e praia \u00e9 algo obsoleto&#8221;.\t\t\t<\/a>\n\t\t<\/h3>\n\t\t\t\t<div class=\"elementor-post__meta-data\">\n\t\t\t\t\t<span class=\"elementor-post-date\">\n\t\t\tNovembro 8, 2023\t\t<\/span>\n\t\t\t\t<\/div>\n\t\t\t\t<div class=\"elementor-post__excerpt\">\n\t\t\t<p>&#8220;No estrangeiro, h\u00e1 uma vis\u00e3o limitada da cultura espanhola. H\u00e1 muitos autores para mostrar ao p\u00fablico&#8221;. &#8220;O novo turismo \u00e9 experimental e est\u00e1 a mudar.<\/p>\n\t\t<\/div>\n\t\t\n\t\t<a class=\"elementor-post__read-more\" href=\"https:\/\/sevenarts.es\/pt-pt\/blog\/o-turismo-de-sol-e-praia-e-algo-obsoleto\/\" aria-label=\"Read more about &#8220;O turismo de sol e praia \u00e9 algo obsoleto&#8221;.\" tabindex=\"-1\" >\n\t\t\tLer mais \"\t\t<\/a>\n\n\t\t\t\t<\/div>\n\t\t\t\t<\/article>\n\t\t\t\t<article class=\"elementor-post elementor-grid-item post-1299 post type-post status-publish format-standard has-post-thumbnail hentry category-sem-categoria\">\n\t\t\t\t<a class=\"elementor-post__thumbnail__link\" href=\"https:\/\/sevenarts.es\/pt-pt\/blog\/amparo-costales-southsummit\/\" tabindex=\"-1\" >\n\t\t\t<div class=\"elementor-post__thumbnail\"><img decoding=\"async\" width=\"768\" height=\"418\" src=\"https:\/\/sevenarts.es\/wp-content\/uploads\/2023\/11\/Captura-de-pantalla-2023-11-08-124228-768x418.png\" class=\"attachment-medium_large size-medium_large wp-image-1174\" alt=\"\" srcset=\"https:\/\/sevenarts.es\/wp-content\/uploads\/2023\/11\/Captura-de-pantalla-2023-11-08-124228-768x418.png 768w, https:\/\/sevenarts.es\/wp-content\/uploads\/2023\/11\/Captura-de-pantalla-2023-11-08-124228-300x163.png 300w, https:\/\/sevenarts.es\/wp-content\/uploads\/2023\/11\/Captura-de-pantalla-2023-11-08-124228-1024x558.png 1024w, https:\/\/sevenarts.es\/wp-content\/uploads\/2023\/11\/Captura-de-pantalla-2023-11-08-124228.png 1190w\" sizes=\"(max-width: 768px) 100vw, 768px\" \/><\/div>\n\t\t<\/a>\n\t\t\t\t<div class=\"elementor-post__text\">\n\t\t\t\t<h3 class=\"elementor-post__title\">\n\t\t\t<a href=\"https:\/\/sevenarts.es\/pt-pt\/blog\/amparo-costales-southsummit\/\" >\n\t\t\t\tAmparo Costales SouthSummit\t\t\t<\/a>\n\t\t<\/h3>\n\t\t\t\t<div class=\"elementor-post__meta-data\">\n\t\t\t\t\t<span class=\"elementor-post-date\">\n\t\t\tNovembro 8, 2023\t\t<\/span>\n\t\t\t\t<\/div>\n\t\t\t\t<div class=\"elementor-post__excerpt\">\n\t\t\t<p>Amparo Costales. Directora Executiva e CEO da Seven Arts Tourims www.sevenartstourism.es Empreendedora; Participa\u00e7\u00e3o da StartUp no South Summit (Spain Startup 2015) #Entrepostos O @EntrepSet \u00e9<\/p>\n\t\t<\/div>\n\t\t\n\t\t<a class=\"elementor-post__read-more\" href=\"https:\/\/sevenarts.es\/pt-pt\/blog\/amparo-costales-southsummit\/\" aria-label=\"Read more about Amparo Costales SouthSummit\" tabindex=\"-1\" >\n\t\t\tLer mais \"\t\t<\/a>\n\n\t\t\t\t<\/div>\n\t\t\t\t<\/article>\n\t\t\t\t<article class=\"elementor-post elementor-grid-item post-1303 post type-post status-publish format-standard hentry category-sem-categoria\">\n\t\t\t\t<div class=\"elementor-post__text\">\n\t\t\t\t<h3 class=\"elementor-post__title\">\n\t\t\t<a href=\"https:\/\/sevenarts.es\/pt-pt\/blog\/amparo-costales-el-pais\/\" >\n\t\t\t\tAmparo Costales &#8211; El Pa\u00eds\t\t\t<\/a>\n\t\t<\/h3>\n\t\t\t\t<div class=\"elementor-post__meta-data\">\n\t\t\t\t\t<span class=\"elementor-post-date\">\n\t\t\tNovembro 8, 2023\t\t<\/span>\n\t\t\t\t<\/div>\n\t\t\t\t<div class=\"elementor-post__excerpt\">\n\t\t\t<p>Amparo Costales trabalha como hospedeira de confer\u00eancias desde os 19 anos de idade. Esteve em Bagdade, Paris, Londres e em todas as cidades do mundo<\/p>\n\t\t<\/div>\n\t\t\n\t\t<a class=\"elementor-post__read-more\" href=\"https:\/\/sevenarts.es\/pt-pt\/blog\/amparo-costales-el-pais\/\" aria-label=\"Read more about Amparo Costales &#8211; El Pa\u00eds\" tabindex=\"-1\" >\n\t\t\tLer mais \"\t\t<\/a>\n\n\t\t\t\t<\/div>\n\t\t\t\t<\/article>\n\t\t\t\t<\/div>\n\t\t\n\t\t\t\t<\/div>\n\t\t\t\t<\/div>\n\t\t\t\t\t<\/div>\n\t\t\t\t<\/div>\n\t\t\t\t<\/div>\n\t\t","protected":false},"excerpt":{"rendered":"<p>BLOG<\/p>\n","protected":false},"author":1,"featured_media":0,"parent":0,"menu_order":0,"comment_status":"closed","ping_status":"closed","template":"","meta":{"footnotes":""},"yoast_head":"<!-- This site is optimized with the Yoast SEO plugin v22.5 - https:\/\/yoast.com\/wordpress\/plugins\/seo\/ -->\n<title>Blogue | Seven Arts<\/title>\n<meta name=\"robots\" content=\"index, follow, max-snippet:-1, max-image-preview:large, max-video-preview:-1\" \/>\n<link rel=\"canonical\" href=\"https:\/\/sevenarts.es\/pt-pt\/blogue\/\" \/>\n<meta property=\"og:locale\" content=\"pt_PT\" \/>\n<meta property=\"og:type\" content=\"article\" \/>\n<meta property=\"og:title\" content=\"Blogue | Seven Arts\" \/>\n<meta property=\"og:description\" content=\"BLOG\" \/>\n<meta property=\"og:url\" content=\"https:\/\/sevenarts.es\/pt-pt\/blogue\/\" \/>\n<meta property=\"og:site_name\" content=\"Seven Arts\" \/>\n<meta property=\"article:modified_time\" content=\"2025-02-04T15:53:16+00:00\" \/>\n<meta property=\"og:image\" content=\"https:\/\/sevenarts.es\/wp-content\/uploads\/2023\/10\/ico-copia-red.png\" \/>\n\t<meta property=\"og:image:width\" content=\"150\" \/>\n\t<meta property=\"og:image:height\" content=\"56\" \/>\n\t<meta property=\"og:image:type\" content=\"image\/png\" \/>\n<meta name=\"twitter:card\" content=\"summary_large_image\" \/>\n<script type=\"application\/ld+json\" class=\"yoast-schema-graph\">{\"@context\":\"https:\/\/schema.org\",\"@graph\":[{\"@type\":\"WebPage\",\"@id\":\"https:\/\/sevenarts.es\/pt-pt\/blogue\/\",\"url\":\"https:\/\/sevenarts.es\/pt-pt\/blogue\/\",\"name\":\"Blogue | Seven Arts\",\"isPartOf\":{\"@id\":\"https:\/\/sevenarts.es\/#website\"},\"datePublished\":\"2023-11-08T10:30:19+00:00\",\"dateModified\":\"2025-02-04T15:53:16+00:00\",\"breadcrumb\":{\"@id\":\"https:\/\/sevenarts.es\/pt-pt\/blogue\/#breadcrumb\"},\"inLanguage\":\"pt-PT\",\"potentialAction\":[{\"@type\":\"ReadAction\",\"target\":[\"https:\/\/sevenarts.es\/pt-pt\/blogue\/\"]}]},{\"@type\":\"BreadcrumbList\",\"@id\":\"https:\/\/sevenarts.es\/pt-pt\/blogue\/#breadcrumb\",\"itemListElement\":[{\"@type\":\"ListItem\",\"position\":1,\"name\":\"Inicio\",\"item\":\"https:\/\/sevenarts.es\/\"},{\"@type\":\"ListItem\",\"position\":2,\"name\":\"Blogue\"}]},{\"@type\":\"WebSite\",\"@id\":\"https:\/\/sevenarts.es\/#website\",\"url\":\"https:\/\/sevenarts.es\/\",\"name\":\"Seven Arts\",\"description\":\"El espacio digital para las siete artes\",\"publisher\":{\"@id\":\"https:\/\/sevenarts.es\/#organization\"},\"potentialAction\":[{\"@type\":\"SearchAction\",\"target\":{\"@type\":\"EntryPoint\",\"urlTemplate\":\"https:\/\/sevenarts.es\/?s={search_term_string}\"},\"query-input\":\"required name=search_term_string\"}],\"inLanguage\":\"pt-PT\"},{\"@type\":\"Organization\",\"@id\":\"https:\/\/sevenarts.es\/#organization\",\"name\":\"Seven Arts\",\"url\":\"https:\/\/sevenarts.es\/\",\"logo\":{\"@type\":\"ImageObject\",\"inLanguage\":\"pt-PT\",\"@id\":\"https:\/\/sevenarts.es\/#\/schema\/logo\/image\/\",\"url\":\"http:\/\/sevenarts.es\/wp-content\/uploads\/2023\/10\/ico-copia-red.png\",\"contentUrl\":\"http:\/\/sevenarts.es\/wp-content\/uploads\/2023\/10\/ico-copia-red.png\",\"width\":150,\"height\":56,\"caption\":\"Seven Arts\"},\"image\":{\"@id\":\"https:\/\/sevenarts.es\/#\/schema\/logo\/image\/\"}}]}<\/script>\n<!-- \/ Yoast SEO plugin. -->","yoast_head_json":{"title":"Blogue | Seven Arts","robots":{"index":"index","follow":"follow","max-snippet":"max-snippet:-1","max-image-preview":"max-image-preview:large","max-video-preview":"max-video-preview:-1"},"canonical":"https:\/\/sevenarts.es\/pt-pt\/blogue\/","og_locale":"pt_PT","og_type":"article","og_title":"Blogue | Seven Arts","og_description":"BLOG","og_url":"https:\/\/sevenarts.es\/pt-pt\/blogue\/","og_site_name":"Seven Arts","article_modified_time":"2025-02-04T15:53:16+00:00","og_image":[{"width":150,"height":56,"url":"https:\/\/sevenarts.es\/wp-content\/uploads\/2023\/10\/ico-copia-red.png","type":"image\/png"}],"twitter_card":"summary_large_image","schema":{"@context":"https:\/\/schema.org","@graph":[{"@type":"WebPage","@id":"https:\/\/sevenarts.es\/pt-pt\/blogue\/","url":"https:\/\/sevenarts.es\/pt-pt\/blogue\/","name":"Blogue | Seven Arts","isPartOf":{"@id":"https:\/\/sevenarts.es\/#website"},"datePublished":"2023-11-08T10:30:19+00:00","dateModified":"2025-02-04T15:53:16+00:00","breadcrumb":{"@id":"https:\/\/sevenarts.es\/pt-pt\/blogue\/#breadcrumb"},"inLanguage":"pt-PT","potentialAction":[{"@type":"ReadAction","target":["https:\/\/sevenarts.es\/pt-pt\/blogue\/"]}]},{"@type":"BreadcrumbList","@id":"https:\/\/sevenarts.es\/pt-pt\/blogue\/#breadcrumb","itemListElement":[{"@type":"ListItem","position":1,"name":"Inicio","item":"https:\/\/sevenarts.es\/"},{"@type":"ListItem","position":2,"name":"Blogue"}]},{"@type":"WebSite","@id":"https:\/\/sevenarts.es\/#website","url":"https:\/\/sevenarts.es\/","name":"Seven Arts","description":"El espacio digital para las siete artes","publisher":{"@id":"https:\/\/sevenarts.es\/#organization"},"potentialAction":[{"@type":"SearchAction","target":{"@type":"EntryPoint","urlTemplate":"https:\/\/sevenarts.es\/?s={search_term_string}"},"query-input":"required name=search_term_string"}],"inLanguage":"pt-PT"},{"@type":"Organization","@id":"https:\/\/sevenarts.es\/#organization","name":"Seven Arts","url":"https:\/\/sevenarts.es\/","logo":{"@type":"ImageObject","inLanguage":"pt-PT","@id":"https:\/\/sevenarts.es\/#\/schema\/logo\/image\/","url":"http:\/\/sevenarts.es\/wp-content\/uploads\/2023\/10\/ico-copia-red.png","contentUrl":"http:\/\/sevenarts.es\/wp-content\/uploads\/2023\/10\/ico-copia-red.png","width":150,"height":56,"caption":"Seven Arts"},"image":{"@id":"https:\/\/sevenarts.es\/#\/schema\/logo\/image\/"}}]}},"_links":{"self":[{"href":"https:\/\/sevenarts.es\/pt-pt\/wp-json\/wp\/v2\/pages\/1324"}],"collection":[{"href":"https:\/\/sevenarts.es\/pt-pt\/wp-json\/wp\/v2\/pages"}],"about":[{"href":"https:\/\/sevenarts.es\/pt-pt\/wp-json\/wp\/v2\/types\/page"}],"author":[{"embeddable":true,"href":"https:\/\/sevenarts.es\/pt-pt\/wp-json\/wp\/v2\/users\/1"}],"replies":[{"embeddable":true,"href":"https:\/\/sevenarts.es\/pt-pt\/wp-json\/wp\/v2\/comments?post=1324"}],"version-history":[{"count":3,"href":"https:\/\/sevenarts.es\/pt-pt\/wp-json\/wp\/v2\/pages\/1324\/revisions"}],"predecessor-version":[{"id":1364,"href":"https:\/\/sevenarts.es\/pt-pt\/wp-json\/wp\/v2\/pages\/1324\/revisions\/1364"}],"wp:attachment":[{"href":"https:\/\/sevenarts.es\/pt-pt\/wp-json\/wp\/v2\/media?parent=1324"}],"curies":[{"name":"wp","href":"https:\/\/api.w.org\/{rel}","templated":true}]}}