{"id":1321,"date":"2023-10-31T09:18:58","date_gmt":"2023-10-31T09:18:58","guid":{"rendered":"https:\/\/sevenarts.es\/politica-de-cookies\/"},"modified":"2023-12-07T17:16:27","modified_gmt":"2023-12-07T17:16:27","slug":"politica-de-cookies","status":"publish","type":"page","link":"https:\/\/sevenarts.es\/pt-pt\/politica-de-cookies\/","title":{"rendered":"Pol\u00edtica de cookies"},"content":{"rendered":"\t\t<div data-elementor-type=\"wp-page\" data-elementor-id=\"1321\" class=\"elementor elementor-1321 elementor-482\" data-elementor-post-type=\"page\">\n\t\t\t\t\t\t<section class=\"elementor-section elementor-top-section elementor-element elementor-element-8bb9911 elementor-section-boxed elementor-section-height-default elementor-section-height-default\" data-id=\"8bb9911\" data-element_type=\"section\" data-settings=\"{&quot;background_background&quot;:&quot;classic&quot;}\">\n\t\t\t\t\t\t\t<div class=\"elementor-background-overlay\"><\/div>\n\t\t\t\t\t\t\t<div class=\"elementor-container elementor-column-gap-default\">\n\t\t\t\t\t<div class=\"elementor-column elementor-col-100 elementor-top-column elementor-element elementor-element-b326f43\" data-id=\"b326f43\" data-element_type=\"column\" data-settings=\"{&quot;background_background&quot;:&quot;classic&quot;}\">\n\t\t\t<div class=\"elementor-widget-wrap elementor-element-populated\">\n\t\t\t\t\t\t<div class=\"elementor-element elementor-element-1861f36 elementor-widget elementor-widget-text-editor\" data-id=\"1861f36\" data-element_type=\"widget\" data-widget_type=\"text-editor.default\">\n\t\t\t\t<div class=\"elementor-widget-container\">\n\t\t\t<style>\/*! elementor - v3.21.0 - 24-04-2024 *\/\n.elementor-widget-text-editor.elementor-drop-cap-view-stacked .elementor-drop-cap{background-color:#69727d;color:#fff}.elementor-widget-text-editor.elementor-drop-cap-view-framed .elementor-drop-cap{color:#69727d;border:3px solid;background-color:transparent}.elementor-widget-text-editor:not(.elementor-drop-cap-view-default) .elementor-drop-cap{margin-top:8px}.elementor-widget-text-editor:not(.elementor-drop-cap-view-default) .elementor-drop-cap-letter{width:1em;height:1em}.elementor-widget-text-editor .elementor-drop-cap{float:left;text-align:center;line-height:1;font-size:50px}.elementor-widget-text-editor .elementor-drop-cap-letter{display:inline-block}<\/style>\t\t\t\t<h2>DEFINI\u00c7\u00c3O E FUN\u00c7\u00d5ES<\/h2>\n<p>Este s\u00edtio Web utiliza um analisador de tr\u00e1fego que emprega pequenos ficheiros de dados conhecidos como &#8220;cookies&#8221; e\/ou tecnologias semelhantes que armazenam e recuperam informa\u00e7\u00f5es quando qualquer utilizador navega no nosso s\u00edtio Web. O servidor envia para o computador do utilizador os conte\u00fados para o correto funcionamento e visualiza\u00e7\u00e3o do site, bem como para a recolha de dados estat\u00edsticos sobre a utiliza\u00e7\u00e3o do site e dos seus conte\u00fados.<br \/>a navegar no nosso s\u00edtio Web. Em geral, estas tecnologias podem servir uma vasta gama de objectivos, incluindo os seguintes;<br \/>Podemos recolher informa\u00e7\u00f5es sobre o seu computador, incluindo, quando aplic\u00e1vel, o seu endere\u00e7o IP, sistema operativo e tipo de browser. Os cookies cont\u00eam informa\u00e7\u00f5es que s\u00e3o transferidas para o disco r\u00edgido do seu computador.<br \/>Os cookies tamb\u00e9m nos ajudam a melhorar o nosso s\u00edtio Web, a fim de prestar um servi\u00e7o excelente e mais personalizado. Especificamente, permitem-nos:<\/p>\n<ul>\n<li>Estimativa de n\u00fameros e padr\u00f5es de utiliza\u00e7\u00e3o.<\/li>\n<li>Armazenar informa\u00e7\u00f5es sobre as suas prefer\u00eancias e personalizar o nosso s\u00edtio Web de acordo com os seus interesses individuais.<\/li>\n<li>Acelere as suas pesquisas.<\/li>\n<li>Reconhecer o utilizador quando este regressa ao nosso s\u00edtio.<\/li>\n<\/ul>\n<h2>QUE TIPOS DE COOKIES UTILIZAMOS?<\/h2>\n<p>De acordo com a entidade que o gere:<\/p>\n<p><strong>Bolachas pr\u00f3prias<\/strong><br \/>S\u00e3o aqueles que s\u00e3o enviados para o computador do utilizador a partir de um computador ou dom\u00ednio gerido pelo pr\u00f3prio editor e a partir do qual \u00e9 prestado o servi\u00e7o solicitado pelo utilizador.<\/p>\n<p><strong>Cookies de terceiros<\/strong><br \/>Os cookies s\u00e3o aqueles que s\u00e3o enviados para o computador do utilizador a partir de um computador ou dom\u00ednio que n\u00e3o \u00e9 gerido pelo editor, mas por outra entidade que processa os dados obtidos atrav\u00e9s dos cookies.<\/p>\n<p>De acordo com o per\u00edodo de tempo em que permanecem activos:<\/p>\n<p><strong>Cookies de sess\u00e3o<\/strong><br \/>Trata-se de cookies tempor\u00e1rios que permanecem no ficheiro de cookies do navegador do utilizador at\u00e9 este sair do s\u00edtio Web, pelo que nenhum deles fica registado no disco r\u00edgido do computador do utilizador.<\/p>\n<p><strong>Cookies persistentes<\/strong><br \/>S\u00e3o armazenados no disco r\u00edgido e o s\u00edtio Web l\u00ea-os sempre que faz uma nova visualiza\u00e7\u00e3o.<br \/>Um cookie persistente tem uma data de expira\u00e7\u00e3o fixa. O cookie deixar\u00e1 de funcionar ap\u00f3s essa data.<\/p>\n<p>De acordo com o seu objetivo:<\/p>\n<p><strong>Necess\u00e1rio ou t\u00e9cnico<\/strong><br \/>S\u00e3o aqueles que permitem ao utilizador navegar atrav\u00e9s de um website, plataforma ou aplica\u00e7\u00e3o e a utiliza\u00e7\u00e3o das diferentes op\u00e7\u00f5es ou servi\u00e7os que nele existem, incluindo aqueles que o editor utiliza para permitir a gest\u00e3o e opera\u00e7\u00e3o do website e habilitar as suas fun\u00e7\u00f5es e servi\u00e7os, como, por exemplo, controlar o tr\u00e1fego e a comunica\u00e7\u00e3o de dados, identificar a sess\u00e3o, aceder a partes de acesso restrito, recordar os elementos que comp\u00f5em uma encomenda, realizar o processo de compra de uma encomenda, gerir o pagamento, controlar a fraude associada \u00e0 seguran\u00e7a do servi\u00e7o, realizar um pedido de inscri\u00e7\u00e3o ou participa\u00e7\u00e3o num evento, contabilizar visitas para efeitos de fatura\u00e7\u00e3o de licen\u00e7as do software com o qual o servi\u00e7o funciona (website, plataforma ou aplica\u00e7\u00e3o), gerir o pagamento, controlar as fraudes ligadas \u00e0 seguran\u00e7a do servi\u00e7o, efetuar o pedido de inscri\u00e7\u00e3o ou de participa\u00e7\u00e3o num evento, contabilizar as visitas para efeitos de fatura\u00e7\u00e3o das licen\u00e7as do software com que funciona o servi\u00e7o (s\u00edtio Web, plataforma ou aplica\u00e7\u00e3o), utilizar os dispositivos de seguran\u00e7a durante a navega\u00e7\u00e3o, armazenar conte\u00fados para a difus\u00e3o de v\u00eddeos ou de som, ativar conte\u00fados din\u00e2micos (por exemplo, anima\u00e7\u00e3o do carregamento de textos ou imagens) ou partilhar conte\u00fados atrav\u00e9s das redes sociais.<\/p>\n<p><strong>Prefer\u00eancia ou personaliza\u00e7\u00e3o<\/strong><br \/>S\u00e3o aquelas que permitem recordar informa\u00e7\u00f5es para que o utilizador possa aceder ao servi\u00e7o com determinadas caracter\u00edsticas que podem diferenciar a sua experi\u00eancia da de outros utilizadores, como, por exemplo, a l\u00edngua, o n\u00famero de resultados a apresentar quando o utilizador faz uma pesquisa, o aspeto ou o conte\u00fado do servi\u00e7o em fun\u00e7\u00e3o do tipo de navegador atrav\u00e9s do qual o utilizador acede ao servi\u00e7o ou da regi\u00e3o a partir da qual o utilizador acede ao servi\u00e7o, etc.<\/p>\n<p><strong>An\u00e1lise ou medi\u00e7\u00e3o<\/strong><br \/>S\u00e3o aqueles que, tratados por n\u00f3s ou por terceiros, nos permitem quantificar o n\u00famero de utilizadores e, assim, efetuar a medi\u00e7\u00e3o e a an\u00e1lise estat\u00edstica da utiliza\u00e7\u00e3o que os utilizadores fazem do servi\u00e7o oferecido. Para este efeito, a sua navega\u00e7\u00e3o no nosso s\u00edtio Web \u00e9 analisada a fim de melhorar a gama de produtos ou servi\u00e7os que lhe oferecemos.<\/p>\n<p><strong>Publicidade comportamental<\/strong><br \/>S\u00e3o aqueles que, tratados por n\u00f3s ou por terceiros, nos permitem analisar os seus h\u00e1bitos de navega\u00e7\u00e3o na Internet para lhe podermos mostrar publicidade relacionada com o seu perfil de navega\u00e7\u00e3o.<\/p>\n<h2>ACEITA\u00c7\u00c3O, REJEI\u00c7\u00c3O OU ELIMINA\u00c7\u00c3O DE COOKIES<\/h2>\n<p>Este s\u00edtio Web apresenta informa\u00e7\u00f5es sobre a sua pol\u00edtica de cookies na parte inferior ou superior do portal em cada in\u00edcio de sess\u00e3o, para que o utilizador esteja ciente e informado da mesma.<br \/>Pode aceitar a instala\u00e7\u00e3o de cookies no seu navegador de Internet, que pode encontrar no painel de informa\u00e7\u00f5es, atrav\u00e9s de um bot\u00e3o que lhe permite aceitar todos os cookies atrav\u00e9s de uma a\u00e7\u00e3o clara, positiva e afirmativa.<br \/>Tamb\u00e9m pode recusar a utiliza\u00e7\u00e3o de cookies seleccionando a op\u00e7\u00e3o &#8220;Recusar a instala\u00e7\u00e3o e a utiliza\u00e7\u00e3o&#8221; no seu navegador, clicando no bot\u00e3o &#8220;Bloquear recusa&#8221;. No entanto, deve estar ciente de que, se o fizer, poder\u00e1 n\u00e3o poder usufruir de todas as<br \/>funcionalidade deste s\u00edtio Web.<br \/>Em \u00faltima an\u00e1lise, o utilizador tem a possibilidade de apagar os cookies previamente instalados a partir da configura\u00e7\u00e3o do navegador que est\u00e1 a utilizar para o efeito.<\/p>\n<h2>CONSENTIMENTO<\/h2>\n<p>O Utilizador deve dar o seu consentimento pr\u00e9vio, salvo indica\u00e7\u00e3o em contr\u00e1rio, para a utiliza\u00e7\u00e3o de cookies e autoriza igualmente o rastreio do seu endere\u00e7o IP durante a navega\u00e7\u00e3o no s\u00edtio Web.<br \/>A menos que o utilizador tenha ajustado as defini\u00e7\u00f5es do seu browser de modo a recusar todos ou alguns cookies, solicitaremos o consentimento de cada utilizador para a instala\u00e7\u00e3o e funcionamento de cookies durante um per\u00edodo de 24 meses ou mais,<br \/>durante esse mesmo per\u00edodo, a sele\u00e7\u00e3o das prefer\u00eancias do utilizador \u00e9 conservada, sem que lhe seja pedido um novo consentimento de cada vez que visita o s\u00edtio Web.<br \/>Existem v\u00e1rios mecanismos de obten\u00e7\u00e3o de consentimento que podemos utilizar neste s\u00edtio Web, por exemplo, atrav\u00e9s de um formato de informa\u00e7\u00e3o em camadas, atrav\u00e9s das defini\u00e7\u00f5es do browser, ou o simples facto de continuar a navegar no s\u00edtio Web seria suficiente.<\/p>\n<h2>CONFIGURA\u00c7\u00c3O<\/h2>\n<p>Seguindo as directrizes europeias dos regulamentos de prote\u00e7\u00e3o de dados que podem ser afectados pela utiliza\u00e7\u00e3o de cookies, os diferentes navegadores da Internet disp\u00f5em de ferramentas de configura\u00e7\u00e3o para que o Utilizador, se desejar, possa desativar e\/ou eliminar estes cookies ou ativar o modo de navega\u00e7\u00e3o privada no seu navegador.<br \/>As defini\u00e7\u00f5es das op\u00e7\u00f5es do browser instaladas no seu computador podem ser:<br \/>Cromado: <a href=\"https:\/\/support.google.com\/chrome\/answer\/95647?co=GENIE.Platform%3DDesktop&amp;hl=es\" target=\"_blank\" rel=\"noopener\">https:\/\/support.google.com\/chrome\/answer\/95647?co=GENIE.Platform%3DDesktop&amp;hl=es<\/a><br \/>Microsoft Edge: <a href=\"https:\/\/support.microsoft.com\/es-es\/help\/4027947\/microsoft-edge-delete-cookies\" target=\"_blank\" rel=\"noopener\">https:\/\/support.microsoft.com\/es-es\/help\/4027947\/microsoft-edge-delete-cookies<\/a><br \/>Firefox: <a href=\"https:\/\/support.mozilla.org\/es\/kb\/cookies-informacion-que-los-sitios-web-guardan-en\" target=\"_blank\" rel=\"noopener\">https:\/\/support.mozilla.org\/es\/kb\/cookies-informacion-que-los-sitios-web-guardan-en<\/a><br \/>Safari: <a href=\"https:\/\/support.apple.com\/es-es\/guide\/safari\/sfri11471\/mac\" target=\"_blank\" rel=\"noopener\">https:\/\/support.apple.com\/es-es\/guide\/safari\/sfri11471\/mac<\/a><\/p>\n<h2>QUE COOKIES UTILIZAMOS E COM QUE OBJECTIVO?<\/h2>\n<p>Segue-se uma explica\u00e7\u00e3o mais pormenorizada de cada tipo de cookie, da sua finalidade, tipo, temporalidade e propriedade:<br \/><strong>Biscoitos<\/strong><br \/>Google Analytics:<br \/>_ga<br \/>_gat<br \/>_gid<\/p>\n<p><strong>Objetivo<\/strong><br \/>Gerar um identificador de utilizador \u00fanico, que \u00e9 utilizado para contar o n\u00famero de vezes que um utilizador visita o s\u00edtio, bem como a data da primeira e da \u00faltima visita. Registar a data e a hora de acesso a qualquer uma das p\u00e1ginas do S\u00edtio. Verificar a necessidade de manter a sess\u00e3o de um utilizador aberta ou criar uma nova sess\u00e3o. Identificar a sess\u00e3o do utilizador, para recolher a localiza\u00e7\u00e3o do utilizador<br \/>localiza\u00e7\u00e3o geogr\u00e1fica aproximada do computador que acede ao S\u00edtio para fins estat\u00edsticos.<\/p>\n<p><strong>Tipo<\/strong><br \/>Analytica<\/p>\n<p><strong>Temporariedade<\/strong><br \/>Permanente<\/p>\n<p><strong>Propriedade<\/strong><br \/>Estrangeiro. Condi\u00e7\u00f5es de servi\u00e7o<\/p>\n<p>Autoriza\u00e7\u00e3o de cookies:<br \/>moove_gdpr_popup<\/p>\n<p><strong>Objetivo<\/strong><br \/>Guardar a decis\u00e3o do utilizador de aceitar ou n\u00e3o a instala\u00e7\u00e3o de cookies.<\/p>\n<p><strong>Tipo<\/strong><br \/>T\u00e9cnica<\/p>\n<p><strong>Temporariedade<\/strong><br \/>1 ano<\/p>\n<p><strong>Propriedade<\/strong><br \/>Pr\u00f3prio<\/p>\n\t\t\t\t\t\t<\/div>\n\t\t\t\t<\/div>\n\t\t\t\t\t<\/div>\n\t\t<\/div>\n\t\t\t\t\t<\/div>\n\t\t<\/section>\n\t\t\t\t<\/div>\n\t\t","protected":false},"excerpt":{"rendered":"<p>DEFINI\u00c7\u00c3O E FUN\u00c7\u00d5ES Este s\u00edtio Web utiliza um analisador de tr\u00e1fego que emprega pequenos ficheiros de dados conhecidos como &#8220;cookies&#8221; e\/ou tecnologias semelhantes que armazenam e recuperam informa\u00e7\u00f5es quando qualquer utilizador navega no nosso s\u00edtio Web. O servidor envia para o computador do utilizador os conte\u00fados para o correto funcionamento e visualiza\u00e7\u00e3o do site, bem [&hellip;]<\/p>\n","protected":false},"author":1,"featured_media":0,"parent":0,"menu_order":0,"comment_status":"closed","ping_status":"closed","template":"","meta":{"footnotes":""},"yoast_head":"<!-- This site is optimized with the Yoast SEO plugin v22.5 - https:\/\/yoast.com\/wordpress\/plugins\/seo\/ -->\n<title>Pol\u00edtica de cookies | Seven Arts<\/title>\n<meta name=\"robots\" content=\"index, follow, max-snippet:-1, max-image-preview:large, max-video-preview:-1\" \/>\n<link rel=\"canonical\" href=\"https:\/\/sevenarts.es\/politica-de-cookies\/\" \/>\n<meta property=\"og:locale\" content=\"pt_PT\" \/>\n<meta property=\"og:type\" content=\"article\" \/>\n<meta property=\"og:title\" content=\"Pol\u00edtica de cookies | Seven Arts\" \/>\n<meta property=\"og:description\" content=\"DEFINI\u00c7\u00c3O E FUN\u00c7\u00d5ES Este s\u00edtio Web utiliza um analisador de tr\u00e1fego que emprega pequenos ficheiros de dados conhecidos como &#8220;cookies&#8221; e\/ou tecnologias semelhantes que armazenam e recuperam informa\u00e7\u00f5es quando qualquer utilizador navega no nosso s\u00edtio Web. O servidor envia para o computador do utilizador os conte\u00fados para o correto funcionamento e visualiza\u00e7\u00e3o do site, bem [&hellip;]\" \/>\n<meta property=\"og:url\" content=\"https:\/\/sevenarts.es\/politica-de-cookies\/\" \/>\n<meta property=\"og:site_name\" content=\"Seven Arts\" \/>\n<meta property=\"article:modified_time\" content=\"2023-12-07T17:16:27+00:00\" \/>\n<meta property=\"og:image\" content=\"https:\/\/sevenarts.es\/wp-content\/uploads\/2023\/10\/ico-copia-red.png\" \/>\n\t<meta property=\"og:image:width\" content=\"150\" \/>\n\t<meta property=\"og:image:height\" content=\"56\" \/>\n\t<meta property=\"og:image:type\" content=\"image\/png\" \/>\n<meta name=\"twitter:card\" content=\"summary_large_image\" \/>\n<meta name=\"twitter:label1\" content=\"Tempo estimado de leitura\" \/>\n\t<meta name=\"twitter:data1\" content=\"7 minutos\" \/>\n<script type=\"application\/ld+json\" class=\"yoast-schema-graph\">{\"@context\":\"https:\/\/schema.org\",\"@graph\":[{\"@type\":\"WebPage\",\"@id\":\"https:\/\/sevenarts.es\/politica-de-cookies\/\",\"url\":\"https:\/\/sevenarts.es\/politica-de-cookies\/\",\"name\":\"Pol\u00edtica de cookies | Seven Arts\",\"isPartOf\":{\"@id\":\"https:\/\/sevenarts.es\/#website\"},\"datePublished\":\"2023-10-31T09:18:58+00:00\",\"dateModified\":\"2023-12-07T17:16:27+00:00\",\"breadcrumb\":{\"@id\":\"https:\/\/sevenarts.es\/politica-de-cookies\/#breadcrumb\"},\"inLanguage\":\"pt-PT\",\"potentialAction\":[{\"@type\":\"ReadAction\",\"target\":[\"https:\/\/sevenarts.es\/politica-de-cookies\/\"]}]},{\"@type\":\"BreadcrumbList\",\"@id\":\"https:\/\/sevenarts.es\/politica-de-cookies\/#breadcrumb\",\"itemListElement\":[{\"@type\":\"ListItem\",\"position\":1,\"name\":\"Inicio\",\"item\":\"https:\/\/sevenarts.es\/\"},{\"@type\":\"ListItem\",\"position\":2,\"name\":\"Pol\u00edtica de cookies\"}]},{\"@type\":\"WebSite\",\"@id\":\"https:\/\/sevenarts.es\/#website\",\"url\":\"https:\/\/sevenarts.es\/\",\"name\":\"Seven Arts\",\"description\":\"El espacio digital para las siete artes\",\"publisher\":{\"@id\":\"https:\/\/sevenarts.es\/#organization\"},\"potentialAction\":[{\"@type\":\"SearchAction\",\"target\":{\"@type\":\"EntryPoint\",\"urlTemplate\":\"https:\/\/sevenarts.es\/?s={search_term_string}\"},\"query-input\":\"required name=search_term_string\"}],\"inLanguage\":\"pt-PT\"},{\"@type\":\"Organization\",\"@id\":\"https:\/\/sevenarts.es\/#organization\",\"name\":\"Seven Arts\",\"url\":\"https:\/\/sevenarts.es\/\",\"logo\":{\"@type\":\"ImageObject\",\"inLanguage\":\"pt-PT\",\"@id\":\"https:\/\/sevenarts.es\/#\/schema\/logo\/image\/\",\"url\":\"http:\/\/sevenarts.es\/wp-content\/uploads\/2023\/10\/ico-copia-red.png\",\"contentUrl\":\"http:\/\/sevenarts.es\/wp-content\/uploads\/2023\/10\/ico-copia-red.png\",\"width\":150,\"height\":56,\"caption\":\"Seven Arts\"},\"image\":{\"@id\":\"https:\/\/sevenarts.es\/#\/schema\/logo\/image\/\"}}]}<\/script>\n<!-- \/ Yoast SEO plugin. -->","yoast_head_json":{"title":"Pol\u00edtica de cookies | Seven Arts","robots":{"index":"index","follow":"follow","max-snippet":"max-snippet:-1","max-image-preview":"max-image-preview:large","max-video-preview":"max-video-preview:-1"},"canonical":"https:\/\/sevenarts.es\/politica-de-cookies\/","og_locale":"pt_PT","og_type":"article","og_title":"Pol\u00edtica de cookies | Seven Arts","og_description":"DEFINI\u00c7\u00c3O E FUN\u00c7\u00d5ES Este s\u00edtio Web utiliza um analisador de tr\u00e1fego que emprega pequenos ficheiros de dados conhecidos como &#8220;cookies&#8221; e\/ou tecnologias semelhantes que armazenam e recuperam informa\u00e7\u00f5es quando qualquer utilizador navega no nosso s\u00edtio Web. O servidor envia para o computador do utilizador os conte\u00fados para o correto funcionamento e visualiza\u00e7\u00e3o do site, bem [&hellip;]","og_url":"https:\/\/sevenarts.es\/politica-de-cookies\/","og_site_name":"Seven Arts","article_modified_time":"2023-12-07T17:16:27+00:00","og_image":[{"width":150,"height":56,"url":"https:\/\/sevenarts.es\/wp-content\/uploads\/2023\/10\/ico-copia-red.png","type":"image\/png"}],"twitter_card":"summary_large_image","twitter_misc":{"Tempo estimado de leitura":"7 minutos"},"schema":{"@context":"https:\/\/schema.org","@graph":[{"@type":"WebPage","@id":"https:\/\/sevenarts.es\/politica-de-cookies\/","url":"https:\/\/sevenarts.es\/politica-de-cookies\/","name":"Pol\u00edtica de cookies | Seven Arts","isPartOf":{"@id":"https:\/\/sevenarts.es\/#website"},"datePublished":"2023-10-31T09:18:58+00:00","dateModified":"2023-12-07T17:16:27+00:00","breadcrumb":{"@id":"https:\/\/sevenarts.es\/politica-de-cookies\/#breadcrumb"},"inLanguage":"pt-PT","potentialAction":[{"@type":"ReadAction","target":["https:\/\/sevenarts.es\/politica-de-cookies\/"]}]},{"@type":"BreadcrumbList","@id":"https:\/\/sevenarts.es\/politica-de-cookies\/#breadcrumb","itemListElement":[{"@type":"ListItem","position":1,"name":"Inicio","item":"https:\/\/sevenarts.es\/"},{"@type":"ListItem","position":2,"name":"Pol\u00edtica de cookies"}]},{"@type":"WebSite","@id":"https:\/\/sevenarts.es\/#website","url":"https:\/\/sevenarts.es\/","name":"Seven Arts","description":"El espacio digital para las siete artes","publisher":{"@id":"https:\/\/sevenarts.es\/#organization"},"potentialAction":[{"@type":"SearchAction","target":{"@type":"EntryPoint","urlTemplate":"https:\/\/sevenarts.es\/?s={search_term_string}"},"query-input":"required name=search_term_string"}],"inLanguage":"pt-PT"},{"@type":"Organization","@id":"https:\/\/sevenarts.es\/#organization","name":"Seven Arts","url":"https:\/\/sevenarts.es\/","logo":{"@type":"ImageObject","inLanguage":"pt-PT","@id":"https:\/\/sevenarts.es\/#\/schema\/logo\/image\/","url":"http:\/\/sevenarts.es\/wp-content\/uploads\/2023\/10\/ico-copia-red.png","contentUrl":"http:\/\/sevenarts.es\/wp-content\/uploads\/2023\/10\/ico-copia-red.png","width":150,"height":56,"caption":"Seven Arts"},"image":{"@id":"https:\/\/sevenarts.es\/#\/schema\/logo\/image\/"}}]}},"_links":{"self":[{"href":"https:\/\/sevenarts.es\/pt-pt\/wp-json\/wp\/v2\/pages\/1321"}],"collection":[{"href":"https:\/\/sevenarts.es\/pt-pt\/wp-json\/wp\/v2\/pages"}],"about":[{"href":"https:\/\/sevenarts.es\/pt-pt\/wp-json\/wp\/v2\/types\/page"}],"author":[{"embeddable":true,"href":"https:\/\/sevenarts.es\/pt-pt\/wp-json\/wp\/v2\/users\/1"}],"replies":[{"embeddable":true,"href":"https:\/\/sevenarts.es\/pt-pt\/wp-json\/wp\/v2\/comments?post=1321"}],"version-history":[{"count":1,"href":"https:\/\/sevenarts.es\/pt-pt\/wp-json\/wp\/v2\/pages\/1321\/revisions"}],"predecessor-version":[{"id":1322,"href":"https:\/\/sevenarts.es\/pt-pt\/wp-json\/wp\/v2\/pages\/1321\/revisions\/1322"}],"wp:attachment":[{"href":"https:\/\/sevenarts.es\/pt-pt\/wp-json\/wp\/v2\/media?parent=1321"}],"curies":[{"name":"wp","href":"https:\/\/api.w.org\/{rel}","templated":true}]}}