{"id":1311,"date":"2023-10-31T09:26:30","date_gmt":"2023-10-31T09:26:30","guid":{"rendered":"https:\/\/sevenarts.es\/acessibilidade\/"},"modified":"2023-12-07T17:16:21","modified_gmt":"2023-12-07T17:16:21","slug":"acessibilidade","status":"publish","type":"page","link":"https:\/\/sevenarts.es\/pt-pt\/acessibilidade\/","title":{"rendered":"Acessibilidade"},"content":{"rendered":"\t\t<div data-elementor-type=\"wp-page\" data-elementor-id=\"1311\" class=\"elementor elementor-1311 elementor-502\" data-elementor-post-type=\"page\">\n\t\t\t\t\t\t<section class=\"elementor-section elementor-top-section elementor-element elementor-element-cbc49a4 elementor-section-boxed elementor-section-height-default elementor-section-height-default\" data-id=\"cbc49a4\" data-element_type=\"section\" data-settings=\"{&quot;background_background&quot;:&quot;classic&quot;}\">\n\t\t\t\t\t\t\t<div class=\"elementor-background-overlay\"><\/div>\n\t\t\t\t\t\t\t<div class=\"elementor-container elementor-column-gap-default\">\n\t\t\t\t\t<div class=\"elementor-column elementor-col-100 elementor-top-column elementor-element elementor-element-6e54e1f\" data-id=\"6e54e1f\" data-element_type=\"column\" data-settings=\"{&quot;background_background&quot;:&quot;classic&quot;}\">\n\t\t\t<div class=\"elementor-widget-wrap elementor-element-populated\">\n\t\t\t\t\t\t<div class=\"elementor-element elementor-element-50e6d2a elementor-widget elementor-widget-text-editor\" data-id=\"50e6d2a\" data-element_type=\"widget\" data-widget_type=\"text-editor.default\">\n\t\t\t\t<div class=\"elementor-widget-container\">\n\t\t\t<style>\/*! elementor - v3.21.0 - 24-04-2024 *\/\n.elementor-widget-text-editor.elementor-drop-cap-view-stacked .elementor-drop-cap{background-color:#69727d;color:#fff}.elementor-widget-text-editor.elementor-drop-cap-view-framed .elementor-drop-cap{color:#69727d;border:3px solid;background-color:transparent}.elementor-widget-text-editor:not(.elementor-drop-cap-view-default) .elementor-drop-cap{margin-top:8px}.elementor-widget-text-editor:not(.elementor-drop-cap-view-default) .elementor-drop-cap-letter{width:1em;height:1em}.elementor-widget-text-editor .elementor-drop-cap{float:left;text-align:center;line-height:1;font-size:50px}.elementor-widget-text-editor .elementor-drop-cap-letter{display:inline-block}<\/style>\t\t\t\t<p>Este s\u00edtio Web est\u00e1 empenhado em garantir a acessibilidade do seu s\u00edtio Web para todos. O nosso objetivo \u00e9 proporcionar um ambiente digital inclusivo e de f\u00e1cil utiliza\u00e7\u00e3o, em conformidade com as orienta\u00e7\u00f5es do <a href=\"https:\/\/www.boe.es\/eli\/es\/rd\/2018\/09\/07\/1112\/con\" target=\"_blank\" rel=\"noreferrer noopener\">Real Decreto 1112\/2018, de 7 de setembro<\/a>, relativo \u00e0 acessibilidade dos s\u00edtios Web e aplica\u00e7\u00f5es do sector p\u00fablico para dispositivos m\u00f3veis (a seguir designado por Real Decreto 1112\/2018, de 7 de setembro).<\/p>\n<p>Estado de conformidade:<\/p>\n<p>Este s\u00edtio Web esfor\u00e7a-se por cumprir o <a href=\"https:\/\/www.boe.es\/eli\/es\/rd\/2018\/09\/07\/1112\/con\" target=\"_blank\" rel=\"noreferrer noopener\">Real Decreto 1112\/2018 de 7 de setembro<\/a>. No entanto, devido \u00e0 natureza din\u00e2mica dos conte\u00fados e \u00e0 diversidade das tecnologias, alguns elementos podem n\u00e3o estar sempre em total conformidade com as normas de acessibilidade.<\/p>\n<p>Medidas adoptadas para garantir a acessibilidade<\/p>\n<ul>\n<li>Conce\u00e7\u00e3o e estrutura do s\u00edtio Web tendo em conta a acessibilidade.<\/li>\n<li>Implementa\u00e7\u00e3o de navega\u00e7\u00e3o por teclado e atalhos para facilitar a utiliza\u00e7\u00e3o do s\u00edtio Web.<\/li>\n<li>Contrastes adequados entre os elementos do texto e o seu fundo.<\/li>\n<li>Utiliza\u00e7\u00e3o de t\u00edtulos claros e coerentes para organizar o conte\u00fado.<\/li>\n<li>Assegurar que o conte\u00fado \u00e9 compreens\u00edvel e leg\u00edvel.<\/li>\n<\/ul>\n<div> <\/div>\n<p>Se encontrar problemas de acessibilidade no nosso s\u00edtio Web ou quiser fazer coment\u00e1rios e sugest\u00f5es para melhorar a experi\u00eancia do utilizador, contacte-nos atrav\u00e9s da nossa sec\u00e7\u00e3o de contactos no s\u00edtio Web. Comprometemo-nos a investigar e a resolver as suas preocupa\u00e7\u00f5es em tempo \u00fatil.<\/p>\n<p>Esta declara\u00e7\u00e3o de acessibilidade foi actualizada pela \u00faltima vez em 031\/10\/2023.<\/p>\n\t\t\t\t\t\t<\/div>\n\t\t\t\t<\/div>\n\t\t\t\t\t<\/div>\n\t\t<\/div>\n\t\t\t\t\t<\/div>\n\t\t<\/section>\n\t\t\t\t<\/div>\n\t\t","protected":false},"excerpt":{"rendered":"<p>Este s\u00edtio Web est\u00e1 empenhado em garantir a acessibilidade do seu s\u00edtio Web para todos. O nosso objetivo \u00e9 proporcionar um ambiente digital inclusivo e de f\u00e1cil utiliza\u00e7\u00e3o, em conformidade com as orienta\u00e7\u00f5es do Real Decreto 1112\/2018, de 7 de setembro, relativo \u00e0 acessibilidade dos s\u00edtios Web e aplica\u00e7\u00f5es do sector p\u00fablico para dispositivos m\u00f3veis [&hellip;]<\/p>\n","protected":false},"author":1,"featured_media":0,"parent":0,"menu_order":0,"comment_status":"closed","ping_status":"closed","template":"","meta":{"footnotes":""},"yoast_head":"<!-- This site is optimized with the Yoast SEO plugin v22.5 - https:\/\/yoast.com\/wordpress\/plugins\/seo\/ -->\n<title>Acessibilidade | Seven Arts<\/title>\n<meta name=\"robots\" content=\"index, follow, max-snippet:-1, max-image-preview:large, max-video-preview:-1\" \/>\n<link rel=\"canonical\" href=\"https:\/\/sevenarts.es\/accesibilidad\/\" \/>\n<meta property=\"og:locale\" content=\"pt_PT\" \/>\n<meta property=\"og:type\" content=\"article\" \/>\n<meta property=\"og:title\" content=\"Acessibilidade | Seven Arts\" \/>\n<meta property=\"og:description\" content=\"Este s\u00edtio Web est\u00e1 empenhado em garantir a acessibilidade do seu s\u00edtio Web para todos. O nosso objetivo \u00e9 proporcionar um ambiente digital inclusivo e de f\u00e1cil utiliza\u00e7\u00e3o, em conformidade com as orienta\u00e7\u00f5es do Real Decreto 1112\/2018, de 7 de setembro, relativo \u00e0 acessibilidade dos s\u00edtios Web e aplica\u00e7\u00f5es do sector p\u00fablico para dispositivos m\u00f3veis [&hellip;]\" \/>\n<meta property=\"og:url\" content=\"https:\/\/sevenarts.es\/accesibilidad\/\" \/>\n<meta property=\"og:site_name\" content=\"Seven Arts\" \/>\n<meta property=\"article:modified_time\" content=\"2023-12-07T17:16:21+00:00\" \/>\n<meta property=\"og:image\" content=\"https:\/\/sevenarts.es\/wp-content\/uploads\/2023\/10\/ico-copia-red.png\" \/>\n\t<meta property=\"og:image:width\" content=\"150\" \/>\n\t<meta property=\"og:image:height\" content=\"56\" \/>\n\t<meta property=\"og:image:type\" content=\"image\/png\" \/>\n<meta name=\"twitter:card\" content=\"summary_large_image\" \/>\n<meta name=\"twitter:label1\" content=\"Tempo estimado de leitura\" \/>\n\t<meta name=\"twitter:data1\" content=\"1 minuto\" \/>\n<script type=\"application\/ld+json\" class=\"yoast-schema-graph\">{\"@context\":\"https:\/\/schema.org\",\"@graph\":[{\"@type\":\"WebPage\",\"@id\":\"https:\/\/sevenarts.es\/accesibilidad\/\",\"url\":\"https:\/\/sevenarts.es\/accesibilidad\/\",\"name\":\"Acessibilidade | Seven Arts\",\"isPartOf\":{\"@id\":\"https:\/\/sevenarts.es\/#website\"},\"datePublished\":\"2023-10-31T09:26:30+00:00\",\"dateModified\":\"2023-12-07T17:16:21+00:00\",\"breadcrumb\":{\"@id\":\"https:\/\/sevenarts.es\/accesibilidad\/#breadcrumb\"},\"inLanguage\":\"pt-PT\",\"potentialAction\":[{\"@type\":\"ReadAction\",\"target\":[\"https:\/\/sevenarts.es\/accesibilidad\/\"]}]},{\"@type\":\"BreadcrumbList\",\"@id\":\"https:\/\/sevenarts.es\/accesibilidad\/#breadcrumb\",\"itemListElement\":[{\"@type\":\"ListItem\",\"position\":1,\"name\":\"Inicio\",\"item\":\"https:\/\/sevenarts.es\/\"},{\"@type\":\"ListItem\",\"position\":2,\"name\":\"Acessibilidade\"}]},{\"@type\":\"WebSite\",\"@id\":\"https:\/\/sevenarts.es\/#website\",\"url\":\"https:\/\/sevenarts.es\/\",\"name\":\"Seven Arts\",\"description\":\"El espacio digital para las siete artes\",\"publisher\":{\"@id\":\"https:\/\/sevenarts.es\/#organization\"},\"potentialAction\":[{\"@type\":\"SearchAction\",\"target\":{\"@type\":\"EntryPoint\",\"urlTemplate\":\"https:\/\/sevenarts.es\/?s={search_term_string}\"},\"query-input\":\"required name=search_term_string\"}],\"inLanguage\":\"pt-PT\"},{\"@type\":\"Organization\",\"@id\":\"https:\/\/sevenarts.es\/#organization\",\"name\":\"Seven Arts\",\"url\":\"https:\/\/sevenarts.es\/\",\"logo\":{\"@type\":\"ImageObject\",\"inLanguage\":\"pt-PT\",\"@id\":\"https:\/\/sevenarts.es\/#\/schema\/logo\/image\/\",\"url\":\"http:\/\/sevenarts.es\/wp-content\/uploads\/2023\/10\/ico-copia-red.png\",\"contentUrl\":\"http:\/\/sevenarts.es\/wp-content\/uploads\/2023\/10\/ico-copia-red.png\",\"width\":150,\"height\":56,\"caption\":\"Seven Arts\"},\"image\":{\"@id\":\"https:\/\/sevenarts.es\/#\/schema\/logo\/image\/\"}}]}<\/script>\n<!-- \/ Yoast SEO plugin. -->","yoast_head_json":{"title":"Acessibilidade | Seven Arts","robots":{"index":"index","follow":"follow","max-snippet":"max-snippet:-1","max-image-preview":"max-image-preview:large","max-video-preview":"max-video-preview:-1"},"canonical":"https:\/\/sevenarts.es\/accesibilidad\/","og_locale":"pt_PT","og_type":"article","og_title":"Acessibilidade | Seven Arts","og_description":"Este s\u00edtio Web est\u00e1 empenhado em garantir a acessibilidade do seu s\u00edtio Web para todos. O nosso objetivo \u00e9 proporcionar um ambiente digital inclusivo e de f\u00e1cil utiliza\u00e7\u00e3o, em conformidade com as orienta\u00e7\u00f5es do Real Decreto 1112\/2018, de 7 de setembro, relativo \u00e0 acessibilidade dos s\u00edtios Web e aplica\u00e7\u00f5es do sector p\u00fablico para dispositivos m\u00f3veis [&hellip;]","og_url":"https:\/\/sevenarts.es\/accesibilidad\/","og_site_name":"Seven Arts","article_modified_time":"2023-12-07T17:16:21+00:00","og_image":[{"width":150,"height":56,"url":"https:\/\/sevenarts.es\/wp-content\/uploads\/2023\/10\/ico-copia-red.png","type":"image\/png"}],"twitter_card":"summary_large_image","twitter_misc":{"Tempo estimado de leitura":"1 minuto"},"schema":{"@context":"https:\/\/schema.org","@graph":[{"@type":"WebPage","@id":"https:\/\/sevenarts.es\/accesibilidad\/","url":"https:\/\/sevenarts.es\/accesibilidad\/","name":"Acessibilidade | Seven Arts","isPartOf":{"@id":"https:\/\/sevenarts.es\/#website"},"datePublished":"2023-10-31T09:26:30+00:00","dateModified":"2023-12-07T17:16:21+00:00","breadcrumb":{"@id":"https:\/\/sevenarts.es\/accesibilidad\/#breadcrumb"},"inLanguage":"pt-PT","potentialAction":[{"@type":"ReadAction","target":["https:\/\/sevenarts.es\/accesibilidad\/"]}]},{"@type":"BreadcrumbList","@id":"https:\/\/sevenarts.es\/accesibilidad\/#breadcrumb","itemListElement":[{"@type":"ListItem","position":1,"name":"Inicio","item":"https:\/\/sevenarts.es\/"},{"@type":"ListItem","position":2,"name":"Acessibilidade"}]},{"@type":"WebSite","@id":"https:\/\/sevenarts.es\/#website","url":"https:\/\/sevenarts.es\/","name":"Seven Arts","description":"El espacio digital para las siete artes","publisher":{"@id":"https:\/\/sevenarts.es\/#organization"},"potentialAction":[{"@type":"SearchAction","target":{"@type":"EntryPoint","urlTemplate":"https:\/\/sevenarts.es\/?s={search_term_string}"},"query-input":"required name=search_term_string"}],"inLanguage":"pt-PT"},{"@type":"Organization","@id":"https:\/\/sevenarts.es\/#organization","name":"Seven Arts","url":"https:\/\/sevenarts.es\/","logo":{"@type":"ImageObject","inLanguage":"pt-PT","@id":"https:\/\/sevenarts.es\/#\/schema\/logo\/image\/","url":"http:\/\/sevenarts.es\/wp-content\/uploads\/2023\/10\/ico-copia-red.png","contentUrl":"http:\/\/sevenarts.es\/wp-content\/uploads\/2023\/10\/ico-copia-red.png","width":150,"height":56,"caption":"Seven Arts"},"image":{"@id":"https:\/\/sevenarts.es\/#\/schema\/logo\/image\/"}}]}},"_links":{"self":[{"href":"https:\/\/sevenarts.es\/pt-pt\/wp-json\/wp\/v2\/pages\/1311"}],"collection":[{"href":"https:\/\/sevenarts.es\/pt-pt\/wp-json\/wp\/v2\/pages"}],"about":[{"href":"https:\/\/sevenarts.es\/pt-pt\/wp-json\/wp\/v2\/types\/page"}],"author":[{"embeddable":true,"href":"https:\/\/sevenarts.es\/pt-pt\/wp-json\/wp\/v2\/users\/1"}],"replies":[{"embeddable":true,"href":"https:\/\/sevenarts.es\/pt-pt\/wp-json\/wp\/v2\/comments?post=1311"}],"version-history":[{"count":1,"href":"https:\/\/sevenarts.es\/pt-pt\/wp-json\/wp\/v2\/pages\/1311\/revisions"}],"predecessor-version":[{"id":1312,"href":"https:\/\/sevenarts.es\/pt-pt\/wp-json\/wp\/v2\/pages\/1311\/revisions\/1312"}],"wp:attachment":[{"href":"https:\/\/sevenarts.es\/pt-pt\/wp-json\/wp\/v2\/media?parent=1311"}],"curies":[{"name":"wp","href":"https:\/\/api.w.org\/{rel}","templated":true}]}}