{"id":1295,"date":"2023-10-31T09:22:11","date_gmt":"2023-10-31T09:22:11","guid":{"rendered":"https:\/\/sevenarts.es\/aviso-legal\/"},"modified":"2023-12-07T17:16:13","modified_gmt":"2023-12-07T17:16:13","slug":"aviso-legal","status":"publish","type":"page","link":"https:\/\/sevenarts.es\/pt-pt\/aviso-legal\/","title":{"rendered":"Aviso legal"},"content":{"rendered":"\t\t<div data-elementor-type=\"wp-page\" data-elementor-id=\"1295\" class=\"elementor elementor-1295 elementor-490\" data-elementor-post-type=\"page\">\n\t\t\t\t\t\t<section class=\"elementor-section elementor-top-section elementor-element elementor-element-ffaf6a6 elementor-section-boxed elementor-section-height-default elementor-section-height-default\" data-id=\"ffaf6a6\" data-element_type=\"section\" data-settings=\"{&quot;background_background&quot;:&quot;classic&quot;}\">\n\t\t\t\t\t\t\t<div class=\"elementor-background-overlay\"><\/div>\n\t\t\t\t\t\t\t<div class=\"elementor-container elementor-column-gap-default\">\n\t\t\t\t\t<div class=\"elementor-column elementor-col-100 elementor-top-column elementor-element elementor-element-23b06f7\" data-id=\"23b06f7\" data-element_type=\"column\" data-settings=\"{&quot;background_background&quot;:&quot;classic&quot;}\">\n\t\t\t<div class=\"elementor-widget-wrap elementor-element-populated\">\n\t\t\t\t\t\t<div class=\"elementor-element elementor-element-197b1a4 elementor-widget elementor-widget-text-editor\" data-id=\"197b1a4\" data-element_type=\"widget\" data-widget_type=\"text-editor.default\">\n\t\t\t\t<div class=\"elementor-widget-container\">\n\t\t\t<style>\/*! elementor - v3.21.0 - 24-04-2024 *\/\n.elementor-widget-text-editor.elementor-drop-cap-view-stacked .elementor-drop-cap{background-color:#69727d;color:#fff}.elementor-widget-text-editor.elementor-drop-cap-view-framed .elementor-drop-cap{color:#69727d;border:3px solid;background-color:transparent}.elementor-widget-text-editor:not(.elementor-drop-cap-view-default) .elementor-drop-cap{margin-top:8px}.elementor-widget-text-editor:not(.elementor-drop-cap-view-default) .elementor-drop-cap-letter{width:1em;height:1em}.elementor-widget-text-editor .elementor-drop-cap{float:left;text-align:center;line-height:1;font-size:50px}.elementor-widget-text-editor .elementor-drop-cap-letter{display:inline-block}<\/style>\t\t\t\t<p>A propriedade deste WEB site, (doravante WEB site) \u00e9 detida por: Sevenartstourist, n\u00e3o pode assumir qualquer responsabilidade derivada do uso incorreto, inapropriado e il\u00edcito da informa\u00e7\u00e3o que aparece na p\u00e1gina.<\/p>\n<p>Dentro dos limites estabelecidos por lei. A Sevenartstourist n\u00e3o assume qualquer responsabilidade pela falta de veracidade, integridade, atualiza\u00e7\u00e3o e exatid\u00e3o dos dados ou informa\u00e7\u00f5es contidas nas suas p\u00e1ginas de Internet.<\/p>\n<p>Os conte\u00fados e informa\u00e7\u00f5es n\u00e3o s\u00e3o vinculativos para a Sevenartstourist. nem constituem opini\u00f5es, conselhos ou aconselhamento jur\u00eddico de qualquer tipo, uma vez que se trata apenas de um servi\u00e7o oferecido para efeitos de informa\u00e7\u00e3o e divulga\u00e7\u00e3o. O s\u00edtio Web pode conter liga\u00e7\u00f5es a outros s\u00edtios Web de terceiros que n\u00e3o controlamos. Por conseguinte, a Sevenartstourist n\u00e3o pode assumir a responsabilidade pelo conte\u00fado que possa aparecer em s\u00edtios Web de terceiros. O texto, as imagens, o som, as anima\u00e7\u00f5es, o software e outros conte\u00fados inclu\u00eddos neste s\u00edtio Web s\u00e3o propriedade exclusiva da Sevenartstourist ou dos seus licenciantes. qualquer ato de transmiss\u00e3o, distribui\u00e7\u00e3o, cess\u00e3o, reprodu\u00e7\u00e3o, armazenamento ou comunica\u00e7\u00e3o p\u00fablica total ou parcial deve ter o consentimento expresso da Sevenartstourist Tamb\u00e9m para aceder a qualquer um dos servi\u00e7os que a Sevenartstourist oferece atrav\u00e9s do webside \u00e9 necess\u00e1rio fornecer alguns dados pessoais. Em conformidade com as disposi\u00e7\u00f5es do Regulamento (UE) 2016\/679 do Parlamento Europeu e do Conselho, de 27 de abril de 2016, relativo \u00e0 prote\u00e7\u00e3o das pessoas singulares no que diz respeito ao tratamento de dados pessoais e \u00e0 livre circula\u00e7\u00e3o desses dados, informamos que, ao preencher estes formul\u00e1rios, os seus dados pessoais ser\u00e3o armazenados e tratados nos ficheiros da Sevenartstourist, a fim de lhe apresentar e oferecer os nossos servi\u00e7os e de o informar sobre melhorias no s\u00edtio Web. Tamb\u00e9m o informamos da possibilidade de exercer os seus direitos de acesso, retifica\u00e7\u00e3o, limita\u00e7\u00e3o, portabilidade, oposi\u00e7\u00e3o e elimina\u00e7\u00e3o dos seus dados pessoais, gratuitamente, por correio eletr\u00f3nico para<\/p>\n\t\t\t\t\t\t<\/div>\n\t\t\t\t<\/div>\n\t\t\t\t\t<\/div>\n\t\t<\/div>\n\t\t\t\t\t<\/div>\n\t\t<\/section>\n\t\t\t\t<\/div>\n\t\t","protected":false},"excerpt":{"rendered":"<p>A propriedade deste WEB site, (doravante WEB site) \u00e9 detida por: Sevenartstourist, n\u00e3o pode assumir qualquer responsabilidade derivada do uso incorreto, inapropriado e il\u00edcito da informa\u00e7\u00e3o que aparece na p\u00e1gina. Dentro dos limites estabelecidos por lei. A Sevenartstourist n\u00e3o assume qualquer responsabilidade pela falta de veracidade, integridade, atualiza\u00e7\u00e3o e exatid\u00e3o dos dados ou informa\u00e7\u00f5es contidas [&hellip;]<\/p>\n","protected":false},"author":1,"featured_media":0,"parent":0,"menu_order":0,"comment_status":"closed","ping_status":"closed","template":"","meta":{"footnotes":""},"yoast_head":"<!-- This site is optimized with the Yoast SEO plugin v22.5 - https:\/\/yoast.com\/wordpress\/plugins\/seo\/ -->\n<title>Aviso legal | Seven Arts<\/title>\n<meta name=\"robots\" content=\"index, follow, max-snippet:-1, max-image-preview:large, max-video-preview:-1\" \/>\n<link rel=\"canonical\" href=\"https:\/\/sevenarts.es\/aviso-legal\/\" \/>\n<meta property=\"og:locale\" content=\"pt_PT\" \/>\n<meta property=\"og:type\" content=\"article\" \/>\n<meta property=\"og:title\" content=\"Aviso legal | Seven Arts\" \/>\n<meta property=\"og:description\" content=\"A propriedade deste WEB site, (doravante WEB site) \u00e9 detida por: Sevenartstourist, n\u00e3o pode assumir qualquer responsabilidade derivada do uso incorreto, inapropriado e il\u00edcito da informa\u00e7\u00e3o que aparece na p\u00e1gina. Dentro dos limites estabelecidos por lei. A Sevenartstourist n\u00e3o assume qualquer responsabilidade pela falta de veracidade, integridade, atualiza\u00e7\u00e3o e exatid\u00e3o dos dados ou informa\u00e7\u00f5es contidas [&hellip;]\" \/>\n<meta property=\"og:url\" content=\"https:\/\/sevenarts.es\/aviso-legal\/\" \/>\n<meta property=\"og:site_name\" content=\"Seven Arts\" \/>\n<meta property=\"article:modified_time\" content=\"2023-12-07T17:16:13+00:00\" \/>\n<meta property=\"og:image\" content=\"https:\/\/sevenarts.es\/wp-content\/uploads\/2023\/10\/ico-copia-red.png\" \/>\n\t<meta property=\"og:image:width\" content=\"150\" \/>\n\t<meta property=\"og:image:height\" content=\"56\" \/>\n\t<meta property=\"og:image:type\" content=\"image\/png\" \/>\n<meta name=\"twitter:card\" content=\"summary_large_image\" \/>\n<meta name=\"twitter:label1\" content=\"Tempo estimado de leitura\" \/>\n\t<meta name=\"twitter:data1\" content=\"2 minutos\" \/>\n<script type=\"application\/ld+json\" class=\"yoast-schema-graph\">{\"@context\":\"https:\/\/schema.org\",\"@graph\":[{\"@type\":\"WebPage\",\"@id\":\"https:\/\/sevenarts.es\/aviso-legal\/\",\"url\":\"https:\/\/sevenarts.es\/aviso-legal\/\",\"name\":\"Aviso legal | Seven Arts\",\"isPartOf\":{\"@id\":\"https:\/\/sevenarts.es\/#website\"},\"datePublished\":\"2023-10-31T09:22:11+00:00\",\"dateModified\":\"2023-12-07T17:16:13+00:00\",\"breadcrumb\":{\"@id\":\"https:\/\/sevenarts.es\/aviso-legal\/#breadcrumb\"},\"inLanguage\":\"pt-PT\",\"potentialAction\":[{\"@type\":\"ReadAction\",\"target\":[\"https:\/\/sevenarts.es\/aviso-legal\/\"]}]},{\"@type\":\"BreadcrumbList\",\"@id\":\"https:\/\/sevenarts.es\/aviso-legal\/#breadcrumb\",\"itemListElement\":[{\"@type\":\"ListItem\",\"position\":1,\"name\":\"Inicio\",\"item\":\"https:\/\/sevenarts.es\/\"},{\"@type\":\"ListItem\",\"position\":2,\"name\":\"Aviso legal\"}]},{\"@type\":\"WebSite\",\"@id\":\"https:\/\/sevenarts.es\/#website\",\"url\":\"https:\/\/sevenarts.es\/\",\"name\":\"Seven Arts\",\"description\":\"El espacio digital para las siete artes\",\"publisher\":{\"@id\":\"https:\/\/sevenarts.es\/#organization\"},\"potentialAction\":[{\"@type\":\"SearchAction\",\"target\":{\"@type\":\"EntryPoint\",\"urlTemplate\":\"https:\/\/sevenarts.es\/?s={search_term_string}\"},\"query-input\":\"required name=search_term_string\"}],\"inLanguage\":\"pt-PT\"},{\"@type\":\"Organization\",\"@id\":\"https:\/\/sevenarts.es\/#organization\",\"name\":\"Seven Arts\",\"url\":\"https:\/\/sevenarts.es\/\",\"logo\":{\"@type\":\"ImageObject\",\"inLanguage\":\"pt-PT\",\"@id\":\"https:\/\/sevenarts.es\/#\/schema\/logo\/image\/\",\"url\":\"http:\/\/sevenarts.es\/wp-content\/uploads\/2023\/10\/ico-copia-red.png\",\"contentUrl\":\"http:\/\/sevenarts.es\/wp-content\/uploads\/2023\/10\/ico-copia-red.png\",\"width\":150,\"height\":56,\"caption\":\"Seven Arts\"},\"image\":{\"@id\":\"https:\/\/sevenarts.es\/#\/schema\/logo\/image\/\"}}]}<\/script>\n<!-- \/ Yoast SEO plugin. -->","yoast_head_json":{"title":"Aviso legal | Seven Arts","robots":{"index":"index","follow":"follow","max-snippet":"max-snippet:-1","max-image-preview":"max-image-preview:large","max-video-preview":"max-video-preview:-1"},"canonical":"https:\/\/sevenarts.es\/aviso-legal\/","og_locale":"pt_PT","og_type":"article","og_title":"Aviso legal | Seven Arts","og_description":"A propriedade deste WEB site, (doravante WEB site) \u00e9 detida por: Sevenartstourist, n\u00e3o pode assumir qualquer responsabilidade derivada do uso incorreto, inapropriado e il\u00edcito da informa\u00e7\u00e3o que aparece na p\u00e1gina. Dentro dos limites estabelecidos por lei. A Sevenartstourist n\u00e3o assume qualquer responsabilidade pela falta de veracidade, integridade, atualiza\u00e7\u00e3o e exatid\u00e3o dos dados ou informa\u00e7\u00f5es contidas [&hellip;]","og_url":"https:\/\/sevenarts.es\/aviso-legal\/","og_site_name":"Seven Arts","article_modified_time":"2023-12-07T17:16:13+00:00","og_image":[{"width":150,"height":56,"url":"https:\/\/sevenarts.es\/wp-content\/uploads\/2023\/10\/ico-copia-red.png","type":"image\/png"}],"twitter_card":"summary_large_image","twitter_misc":{"Tempo estimado de leitura":"2 minutos"},"schema":{"@context":"https:\/\/schema.org","@graph":[{"@type":"WebPage","@id":"https:\/\/sevenarts.es\/aviso-legal\/","url":"https:\/\/sevenarts.es\/aviso-legal\/","name":"Aviso legal | Seven Arts","isPartOf":{"@id":"https:\/\/sevenarts.es\/#website"},"datePublished":"2023-10-31T09:22:11+00:00","dateModified":"2023-12-07T17:16:13+00:00","breadcrumb":{"@id":"https:\/\/sevenarts.es\/aviso-legal\/#breadcrumb"},"inLanguage":"pt-PT","potentialAction":[{"@type":"ReadAction","target":["https:\/\/sevenarts.es\/aviso-legal\/"]}]},{"@type":"BreadcrumbList","@id":"https:\/\/sevenarts.es\/aviso-legal\/#breadcrumb","itemListElement":[{"@type":"ListItem","position":1,"name":"Inicio","item":"https:\/\/sevenarts.es\/"},{"@type":"ListItem","position":2,"name":"Aviso legal"}]},{"@type":"WebSite","@id":"https:\/\/sevenarts.es\/#website","url":"https:\/\/sevenarts.es\/","name":"Seven Arts","description":"El espacio digital para las siete artes","publisher":{"@id":"https:\/\/sevenarts.es\/#organization"},"potentialAction":[{"@type":"SearchAction","target":{"@type":"EntryPoint","urlTemplate":"https:\/\/sevenarts.es\/?s={search_term_string}"},"query-input":"required name=search_term_string"}],"inLanguage":"pt-PT"},{"@type":"Organization","@id":"https:\/\/sevenarts.es\/#organization","name":"Seven Arts","url":"https:\/\/sevenarts.es\/","logo":{"@type":"ImageObject","inLanguage":"pt-PT","@id":"https:\/\/sevenarts.es\/#\/schema\/logo\/image\/","url":"http:\/\/sevenarts.es\/wp-content\/uploads\/2023\/10\/ico-copia-red.png","contentUrl":"http:\/\/sevenarts.es\/wp-content\/uploads\/2023\/10\/ico-copia-red.png","width":150,"height":56,"caption":"Seven Arts"},"image":{"@id":"https:\/\/sevenarts.es\/#\/schema\/logo\/image\/"}}]}},"_links":{"self":[{"href":"https:\/\/sevenarts.es\/pt-pt\/wp-json\/wp\/v2\/pages\/1295"}],"collection":[{"href":"https:\/\/sevenarts.es\/pt-pt\/wp-json\/wp\/v2\/pages"}],"about":[{"href":"https:\/\/sevenarts.es\/pt-pt\/wp-json\/wp\/v2\/types\/page"}],"author":[{"embeddable":true,"href":"https:\/\/sevenarts.es\/pt-pt\/wp-json\/wp\/v2\/users\/1"}],"replies":[{"embeddable":true,"href":"https:\/\/sevenarts.es\/pt-pt\/wp-json\/wp\/v2\/comments?post=1295"}],"version-history":[{"count":1,"href":"https:\/\/sevenarts.es\/pt-pt\/wp-json\/wp\/v2\/pages\/1295\/revisions"}],"predecessor-version":[{"id":1296,"href":"https:\/\/sevenarts.es\/pt-pt\/wp-json\/wp\/v2\/pages\/1295\/revisions\/1296"}],"wp:attachment":[{"href":"https:\/\/sevenarts.es\/pt-pt\/wp-json\/wp\/v2\/media?parent=1295"}],"curies":[{"name":"wp","href":"https:\/\/api.w.org\/{rel}","templated":true}]}}