{"id":1265,"date":"2023-10-25T07:50:29","date_gmt":"2023-10-25T07:50:29","guid":{"rendered":"https:\/\/sevenarts.es\/casa-7arts\/"},"modified":"2025-01-17T12:54:46","modified_gmt":"2025-01-17T12:54:46","slug":"casa-7arts","status":"publish","type":"page","link":"https:\/\/sevenarts.es\/pt-pt\/","title":{"rendered":"Casa 7arts"},"content":{"rendered":"\t\t<div data-elementor-type=\"wp-page\" data-elementor-id=\"1265\" class=\"elementor elementor-1265 elementor-166\" data-elementor-post-type=\"page\">\n\t\t\t\t<div class=\"elementor-element elementor-element-c3995a4 e-flex e-con-boxed e-con e-parent\" data-id=\"c3995a4\" data-element_type=\"container\">\n\t\t\t\t\t<div class=\"e-con-inner\">\n\t\t<div class=\"elementor-element elementor-element-842b41a elementor-hidden-mobile e-flex e-con-boxed e-con e-child\" data-id=\"842b41a\" data-element_type=\"container\">\n\t\t\t\t\t<div class=\"e-con-inner\">\n\t\t\t\t<div class=\"elementor-element elementor-element-0344292 animated-slow elementor-invisible elementor-widget elementor-widget-image\" data-id=\"0344292\" data-element_type=\"widget\" data-settings=\"{&quot;_animation&quot;:&quot;fadeIn&quot;}\" data-widget_type=\"image.default\">\n\t\t\t\t<div class=\"elementor-widget-container\">\n\t\t\t<style>\/*! elementor - v3.21.0 - 24-04-2024 *\/\n.elementor-widget-image{text-align:center}.elementor-widget-image a{display:inline-block}.elementor-widget-image a img[src$=\".svg\"]{width:48px}.elementor-widget-image img{vertical-align:middle;display:inline-block}<\/style>\t\t\t\t\t\t\t\t\t\t<img fetchpriority=\"high\" decoding=\"async\" width=\"576\" height=\"579\" src=\"https:\/\/sevenarts.es\/wp-content\/uploads\/2023\/10\/neon-grande.gif\" class=\"attachment-full size-full wp-image-169\" alt=\"\" \/>\t\t\t\t\t\t\t\t\t\t\t\t\t<\/div>\n\t\t\t\t<\/div>\n\t\t\t\t<div class=\"elementor-element elementor-element-74f11cb elementor-widget elementor-widget-heading\" data-id=\"74f11cb\" data-element_type=\"widget\" data-widget_type=\"heading.default\">\n\t\t\t\t<div class=\"elementor-widget-container\">\n\t\t\t<style>\/*! elementor - v3.21.0 - 24-04-2024 *\/\n.elementor-heading-title{padding:0;margin:0;line-height:1}.elementor-widget-heading .elementor-heading-title[class*=elementor-size-]>a{color:inherit;font-size:inherit;line-height:inherit}.elementor-widget-heading .elementor-heading-title.elementor-size-small{font-size:15px}.elementor-widget-heading .elementor-heading-title.elementor-size-medium{font-size:19px}.elementor-widget-heading .elementor-heading-title.elementor-size-large{font-size:29px}.elementor-widget-heading .elementor-heading-title.elementor-size-xl{font-size:39px}.elementor-widget-heading .elementor-heading-title.elementor-size-xxl{font-size:59px}<\/style><h2 class=\"elementor-heading-title elementor-size-default\">Para al\u00e9m da cultura  <\/h2>\t\t<\/div>\n\t\t\t\t<\/div>\n\t\t\t\t\t<\/div>\n\t\t\t\t<\/div>\n\t\t<div class=\"elementor-element elementor-element-3c00ba5 e-flex e-con-boxed e-con e-child\" data-id=\"3c00ba5\" data-element_type=\"container\">\n\t\t\t\t\t<div class=\"e-con-inner\">\n\t\t\t\t<div class=\"elementor-element elementor-element-2634fc5 elementor-widget elementor-widget-image\" data-id=\"2634fc5\" data-element_type=\"widget\" data-widget_type=\"image.default\">\n\t\t\t\t<div class=\"elementor-widget-container\">\n\t\t\t\t\t\t\t\t\t\t\t\t\t<img decoding=\"async\" width=\"181\" height=\"120\" src=\"https:\/\/sevenarts.es\/wp-content\/uploads\/2023\/11\/seven.png\" class=\"attachment-large size-large wp-image-722\" alt=\"\" \/>\t\t\t\t\t\t\t\t\t\t\t\t\t<\/div>\n\t\t\t\t<\/div>\n\t\t\t\t<div class=\"elementor-element elementor-element-71b80f0 elementor-widget elementor-widget-heading\" data-id=\"71b80f0\" data-element_type=\"widget\" data-widget_type=\"heading.default\">\n\t\t\t\t<div class=\"elementor-widget-container\">\n\t\t\t<h1 class=\"elementor-heading-title elementor-size-default\">O espa\u00e7o digital para as sete artes<\/h1>\t\t<\/div>\n\t\t\t\t<\/div>\n\t\t\t\t<div class=\"elementor-element elementor-element-e2fbb46 elementor-widget elementor-widget-text-editor\" data-id=\"e2fbb46\" data-element_type=\"widget\" data-widget_type=\"text-editor.default\">\n\t\t\t\t<div class=\"elementor-widget-container\">\n\t\t\t<style>\/*! elementor - v3.21.0 - 24-04-2024 *\/\n.elementor-widget-text-editor.elementor-drop-cap-view-stacked .elementor-drop-cap{background-color:#69727d;color:#fff}.elementor-widget-text-editor.elementor-drop-cap-view-framed .elementor-drop-cap{color:#69727d;border:3px solid;background-color:transparent}.elementor-widget-text-editor:not(.elementor-drop-cap-view-default) .elementor-drop-cap{margin-top:8px}.elementor-widget-text-editor:not(.elementor-drop-cap-view-default) .elementor-drop-cap-letter{width:1em;height:1em}.elementor-widget-text-editor .elementor-drop-cap{float:left;text-align:center;line-height:1;font-size:50px}.elementor-widget-text-editor .elementor-drop-cap-letter{display:inline-block}<\/style>\t\t\t\t<p>Sete artes \u00e9 a ferramenta mais inovadora para as entidades e administra\u00e7\u00f5es locais que precisam de promover toda a riqueza art\u00edstica e cultural da cidade, interagindo com os seus vizinhos e com as pessoas que desejam conhec\u00ea-la e desfrut\u00e1-la.<\/p>\n\t\t\t\t\t\t<\/div>\n\t\t\t\t<\/div>\n\t\t\t\t<div class=\"elementor-element elementor-element-9a612e8 elementor-widget elementor-widget-text-editor\" data-id=\"9a612e8\" data-element_type=\"widget\" data-widget_type=\"text-editor.default\">\n\t\t\t\t<div class=\"elementor-widget-container\">\n\t\t\t\t\t\t\t<p><b><br \/><\/b><br \/>C<b>ontacto:<\/b>amparocostales@sevenarts.es +34 602 67 19 54<b><\/b><\/p>\n<p><b>Em breve:  <\/b><\/p>\n\t\t\t\t\t\t<\/div>\n\t\t\t\t<\/div>\n\t\t<div class=\"elementor-element elementor-element-d62e2c6 e-flex e-con-boxed e-con e-child\" data-id=\"d62e2c6\" data-element_type=\"container\">\n\t\t\t\t\t<div class=\"e-con-inner\">\n\t\t\t\t<div class=\"elementor-element elementor-element-fff0533 elementor-widget__width-initial elementor-widget elementor-widget-image\" data-id=\"fff0533\" data-element_type=\"widget\" data-widget_type=\"image.default\">\n\t\t\t\t<div class=\"elementor-widget-container\">\n\t\t\t\t\t\t\t\t\t\t\t\t\t<img decoding=\"async\" width=\"141\" height=\"57\" src=\"https:\/\/sevenarts.es\/wp-content\/uploads\/2023\/10\/appstore.png\" class=\"attachment-large size-large wp-image-271\" alt=\"\" \/>\t\t\t\t\t\t\t\t\t\t\t\t\t<\/div>\n\t\t\t\t<\/div>\n\t\t\t\t<div class=\"elementor-element elementor-element-be81740 elementor-widget__width-initial elementor-widget elementor-widget-image\" data-id=\"be81740\" data-element_type=\"widget\" data-widget_type=\"image.default\">\n\t\t\t\t<div class=\"elementor-widget-container\">\n\t\t\t\t\t\t\t\t\t\t\t\t\t<img loading=\"lazy\" decoding=\"async\" width=\"148\" height=\"57\" src=\"https:\/\/sevenarts.es\/wp-content\/uploads\/2023\/10\/play.png\" class=\"attachment-large size-large wp-image-270\" alt=\"\" \/>\t\t\t\t\t\t\t\t\t\t\t\t\t<\/div>\n\t\t\t\t<\/div>\n\t\t\t\t\t<\/div>\n\t\t\t\t<\/div>\n\t\t\t\t\t<\/div>\n\t\t\t\t<\/div>\n\t\t\t\t\t<\/div>\n\t\t\t\t<\/div>\n\t\t\t\t<\/div>\n\t\t","protected":false},"excerpt":{"rendered":"<p>Para al\u00e9m da cultura O espa\u00e7o digital para as sete artes Sete artes \u00e9 a ferramenta mais inovadora para as entidades e administra\u00e7\u00f5es locais que precisam de promover toda a riqueza art\u00edstica e cultural da cidade, interagindo com os seus vizinhos e com as pessoas que desejam conhec\u00ea-la e desfrut\u00e1-la. Contacto:amparocostales@sevenarts.es +34 602 67 19 [&hellip;]<\/p>\n","protected":false},"author":1,"featured_media":0,"parent":0,"menu_order":0,"comment_status":"closed","ping_status":"closed","template":"","meta":{"footnotes":""},"yoast_head":"<!-- This site is optimized with the Yoast SEO plugin v22.5 - https:\/\/yoast.com\/wordpress\/plugins\/seo\/ -->\n<title>Seven Arts | Promo\u00e7\u00e3o art\u00edstica e cultural da sua cidade<\/title>\n<meta name=\"description\" content=\"As sete artes s\u00e3o o instrumento mais inovador para as entidades e administra\u00e7\u00f5es locais promoverem a riqueza cultural da sua cidade.\" \/>\n<meta name=\"robots\" content=\"index, follow, max-snippet:-1, max-image-preview:large, max-video-preview:-1\" \/>\n<link rel=\"canonical\" href=\"https:\/\/sevenarts.es\/\" \/>\n<meta property=\"og:locale\" content=\"pt_PT\" \/>\n<meta property=\"og:type\" content=\"article\" \/>\n<meta property=\"og:title\" content=\"Seven Arts | Promo\u00e7\u00e3o art\u00edstica e cultural da sua cidade\" \/>\n<meta property=\"og:description\" content=\"As sete artes s\u00e3o o instrumento mais inovador para as entidades e administra\u00e7\u00f5es locais promoverem a riqueza cultural da sua cidade.\" \/>\n<meta property=\"og:url\" content=\"https:\/\/sevenarts.es\/\" \/>\n<meta property=\"og:site_name\" content=\"Seven Arts\" \/>\n<meta property=\"article:modified_time\" content=\"2025-01-17T12:54:46+00:00\" \/>\n<meta property=\"og:image\" content=\"https:\/\/sevenarts.es\/wp-content\/uploads\/2023\/10\/neon-grande.gif\" \/>\n<meta name=\"twitter:card\" content=\"summary_large_image\" \/>\n<script type=\"application\/ld+json\" class=\"yoast-schema-graph\">{\"@context\":\"https:\/\/schema.org\",\"@graph\":[{\"@type\":\"WebPage\",\"@id\":\"https:\/\/sevenarts.es\/\",\"url\":\"https:\/\/sevenarts.es\/\",\"name\":\"Seven Arts | Promo\u00e7\u00e3o art\u00edstica e cultural da sua cidade\",\"isPartOf\":{\"@id\":\"https:\/\/sevenarts.es\/#website\"},\"primaryImageOfPage\":{\"@id\":\"https:\/\/sevenarts.es\/#primaryimage\"},\"image\":{\"@id\":\"https:\/\/sevenarts.es\/#primaryimage\"},\"thumbnailUrl\":\"https:\/\/sevenarts.es\/wp-content\/uploads\/2023\/10\/neon-grande.gif\",\"datePublished\":\"2023-10-25T07:50:29+00:00\",\"dateModified\":\"2025-01-17T12:54:46+00:00\",\"description\":\"As sete artes s\u00e3o o instrumento mais inovador para as entidades e administra\u00e7\u00f5es locais promoverem a riqueza cultural da sua cidade.\",\"breadcrumb\":{\"@id\":\"https:\/\/sevenarts.es\/#breadcrumb\"},\"inLanguage\":\"pt-PT\",\"potentialAction\":[{\"@type\":\"ReadAction\",\"target\":[\"https:\/\/sevenarts.es\/\"]}]},{\"@type\":\"ImageObject\",\"inLanguage\":\"pt-PT\",\"@id\":\"https:\/\/sevenarts.es\/#primaryimage\",\"url\":\"https:\/\/sevenarts.es\/wp-content\/uploads\/2023\/10\/neon-grande.gif\",\"contentUrl\":\"https:\/\/sevenarts.es\/wp-content\/uploads\/2023\/10\/neon-grande.gif\"},{\"@type\":\"BreadcrumbList\",\"@id\":\"https:\/\/sevenarts.es\/#breadcrumb\",\"itemListElement\":[{\"@type\":\"ListItem\",\"position\":1,\"name\":\"Inicio\",\"item\":\"https:\/\/sevenarts.es\/\"},{\"@type\":\"ListItem\",\"position\":2,\"name\":\"Casa 7arts\"}]},{\"@type\":\"WebSite\",\"@id\":\"https:\/\/sevenarts.es\/#website\",\"url\":\"https:\/\/sevenarts.es\/\",\"name\":\"Seven Arts\",\"description\":\"El espacio digital para las siete artes\",\"publisher\":{\"@id\":\"https:\/\/sevenarts.es\/#organization\"},\"potentialAction\":[{\"@type\":\"SearchAction\",\"target\":{\"@type\":\"EntryPoint\",\"urlTemplate\":\"https:\/\/sevenarts.es\/?s={search_term_string}\"},\"query-input\":\"required name=search_term_string\"}],\"inLanguage\":\"pt-PT\"},{\"@type\":\"Organization\",\"@id\":\"https:\/\/sevenarts.es\/#organization\",\"name\":\"Seven Arts\",\"url\":\"https:\/\/sevenarts.es\/\",\"logo\":{\"@type\":\"ImageObject\",\"inLanguage\":\"pt-PT\",\"@id\":\"https:\/\/sevenarts.es\/#\/schema\/logo\/image\/\",\"url\":\"http:\/\/sevenarts.es\/wp-content\/uploads\/2023\/10\/ico-copia-red.png\",\"contentUrl\":\"http:\/\/sevenarts.es\/wp-content\/uploads\/2023\/10\/ico-copia-red.png\",\"width\":150,\"height\":56,\"caption\":\"Seven Arts\"},\"image\":{\"@id\":\"https:\/\/sevenarts.es\/#\/schema\/logo\/image\/\"}}]}<\/script>\n<!-- \/ Yoast SEO plugin. -->","yoast_head_json":{"title":"Seven Arts | Promo\u00e7\u00e3o art\u00edstica e cultural da sua cidade","description":"As sete artes s\u00e3o o instrumento mais inovador para as entidades e administra\u00e7\u00f5es locais promoverem a riqueza cultural da sua cidade.","robots":{"index":"index","follow":"follow","max-snippet":"max-snippet:-1","max-image-preview":"max-image-preview:large","max-video-preview":"max-video-preview:-1"},"canonical":"https:\/\/sevenarts.es\/","og_locale":"pt_PT","og_type":"article","og_title":"Seven Arts | Promo\u00e7\u00e3o art\u00edstica e cultural da sua cidade","og_description":"As sete artes s\u00e3o o instrumento mais inovador para as entidades e administra\u00e7\u00f5es locais promoverem a riqueza cultural da sua cidade.","og_url":"https:\/\/sevenarts.es\/","og_site_name":"Seven Arts","article_modified_time":"2025-01-17T12:54:46+00:00","og_image":[{"url":"https:\/\/sevenarts.es\/wp-content\/uploads\/2023\/10\/neon-grande.gif"}],"twitter_card":"summary_large_image","schema":{"@context":"https:\/\/schema.org","@graph":[{"@type":"WebPage","@id":"https:\/\/sevenarts.es\/","url":"https:\/\/sevenarts.es\/","name":"Seven Arts | Promo\u00e7\u00e3o art\u00edstica e cultural da sua cidade","isPartOf":{"@id":"https:\/\/sevenarts.es\/#website"},"primaryImageOfPage":{"@id":"https:\/\/sevenarts.es\/#primaryimage"},"image":{"@id":"https:\/\/sevenarts.es\/#primaryimage"},"thumbnailUrl":"https:\/\/sevenarts.es\/wp-content\/uploads\/2023\/10\/neon-grande.gif","datePublished":"2023-10-25T07:50:29+00:00","dateModified":"2025-01-17T12:54:46+00:00","description":"As sete artes s\u00e3o o instrumento mais inovador para as entidades e administra\u00e7\u00f5es locais promoverem a riqueza cultural da sua cidade.","breadcrumb":{"@id":"https:\/\/sevenarts.es\/#breadcrumb"},"inLanguage":"pt-PT","potentialAction":[{"@type":"ReadAction","target":["https:\/\/sevenarts.es\/"]}]},{"@type":"ImageObject","inLanguage":"pt-PT","@id":"https:\/\/sevenarts.es\/#primaryimage","url":"https:\/\/sevenarts.es\/wp-content\/uploads\/2023\/10\/neon-grande.gif","contentUrl":"https:\/\/sevenarts.es\/wp-content\/uploads\/2023\/10\/neon-grande.gif"},{"@type":"BreadcrumbList","@id":"https:\/\/sevenarts.es\/#breadcrumb","itemListElement":[{"@type":"ListItem","position":1,"name":"Inicio","item":"https:\/\/sevenarts.es\/"},{"@type":"ListItem","position":2,"name":"Casa 7arts"}]},{"@type":"WebSite","@id":"https:\/\/sevenarts.es\/#website","url":"https:\/\/sevenarts.es\/","name":"Seven Arts","description":"El espacio digital para las siete artes","publisher":{"@id":"https:\/\/sevenarts.es\/#organization"},"potentialAction":[{"@type":"SearchAction","target":{"@type":"EntryPoint","urlTemplate":"https:\/\/sevenarts.es\/?s={search_term_string}"},"query-input":"required name=search_term_string"}],"inLanguage":"pt-PT"},{"@type":"Organization","@id":"https:\/\/sevenarts.es\/#organization","name":"Seven Arts","url":"https:\/\/sevenarts.es\/","logo":{"@type":"ImageObject","inLanguage":"pt-PT","@id":"https:\/\/sevenarts.es\/#\/schema\/logo\/image\/","url":"http:\/\/sevenarts.es\/wp-content\/uploads\/2023\/10\/ico-copia-red.png","contentUrl":"http:\/\/sevenarts.es\/wp-content\/uploads\/2023\/10\/ico-copia-red.png","width":150,"height":56,"caption":"Seven Arts"},"image":{"@id":"https:\/\/sevenarts.es\/#\/schema\/logo\/image\/"}}]}},"_links":{"self":[{"href":"https:\/\/sevenarts.es\/pt-pt\/wp-json\/wp\/v2\/pages\/1265"}],"collection":[{"href":"https:\/\/sevenarts.es\/pt-pt\/wp-json\/wp\/v2\/pages"}],"about":[{"href":"https:\/\/sevenarts.es\/pt-pt\/wp-json\/wp\/v2\/types\/page"}],"author":[{"embeddable":true,"href":"https:\/\/sevenarts.es\/pt-pt\/wp-json\/wp\/v2\/users\/1"}],"replies":[{"embeddable":true,"href":"https:\/\/sevenarts.es\/pt-pt\/wp-json\/wp\/v2\/comments?post=1265"}],"version-history":[{"count":5,"href":"https:\/\/sevenarts.es\/pt-pt\/wp-json\/wp\/v2\/pages\/1265\/revisions"}],"predecessor-version":[{"id":1520,"href":"https:\/\/sevenarts.es\/pt-pt\/wp-json\/wp\/v2\/pages\/1265\/revisions\/1520"}],"wp:attachment":[{"href":"https:\/\/sevenarts.es\/pt-pt\/wp-json\/wp\/v2\/media?parent=1265"}],"curies":[{"name":"wp","href":"https:\/\/api.w.org\/{rel}","templated":true}]}}